{"id":10606,"date":"2025-12-11T17:14:17","date_gmt":"2025-12-11T16:14:17","guid":{"rendered":"https:\/\/revop-eshop.sk\/?product=bytovy-zberac-4-okruhy-5-4"},"modified":"2025-12-11T17:50:38","modified_gmt":"2025-12-11T16:50:38","slug":"bytovy-zberac-4-okruhy-5-4","status":"publish","type":"product","link":"https:\/\/revop-eshop.sk\/?product=bytovy-zberac-4-okruhy-5-4","title":{"rendered":"Bytov\u00fd zbera\u010d 4 okruhy 5\/4&#8243;"},"content":{"rendered":"<p>Vysokokvalitn\u00e9 mosadzn\u00e9 rozde\u013eova\u010de a zbera\u010de s obsahom olova men\u0161\u00edm ako 3 % sp\u013a\u0148aj\u00fa pr\u00edsne normy pre in\u0161tal\u00e1cie v TZB. S\u00fa navrhnut\u00e9 pre in\u0161tal\u00e1ciu mera\u010dov tepla alebo vodomerov.Pripojenie rozde\u013eova\u010da\/zbera\u010da je ukon\u010den\u00e9 5\/4\u201d vn\u00fatorn\u00fdm z\u00e1vitom. Druh\u00e1 strana nosn\u00edka je zaslepen\u00e1 5\/4\u201d z\u00e1tkou (mo\u017enos\u0165 pripojenia pravej alebo \u013eavej strany). V\u00fdstupy pre jednotliv\u00e9 okruhy s\u00fa ukon\u010den\u00e9 G3\/4\u201c z\u00e1vitom. S\u00fa\u010dastou rozde\u013eova\u010da je mosadzn\u00fd medzikus s d\u013a\u017ekou 110 mm a dvoma vonkaj\u0161\u00edmi z\u00e1vitmi G3\/4\u201c (v pr\u00edpade potreby je mo\u017en\u00e9 pripojenie upravi\u0165 na po\u017eiadavku). Mo\u017enos\u0165 gu\u013eov\u00fdch ventilov v \u010dervenej alebo modrej farbe. Zostava je ur\u010den\u00e1 pre povrchov\u00e9 in\u0161tal\u00e1cie.<\/p>\n<p>Ka\u017ed\u00fd kus je testovan\u00fd na tesnos\u0165.<\/p>\n<p>V\u0161etky komponenty a n\u00e1hradne diely m\u00e1me skladom.<\/p>\n<p>Zostava obsahuje:<br \/>\n1\u00d7 mosadzn\u00fd nosn\u00edk G5\/4\u201c<br \/>\n1\u00d7 gu\u013eov\u00fd ventil G5\/4\u201d<br \/>\n1\u00d7 odvzdu\u0161\u0148ovac\u00ed ventil<br \/>\ngu\u013eov\u00fd ventil 3\/4\u201c \u2013 2 ks pre jeden okruh<br \/>\npol\u0161r\u00f3benie 3\/4\u201d\u00d73\/4\u201d \u2013 2 ks pre jeden okruh<br \/>\nmedzikus L \u2013 110 mm G3\/4\u201d vonkaj\u0161\u00ed z\u00e1vit \u2013 1ks pre jeden okruh<\/p>\n","protected":false},"excerpt":{"rendered":"<p>Vysokokvalitn\u00e9 mosadzn\u00e9 rozde\u013eova\u010de a zbera\u010de s obsahom olova men\u0161\u00edm ako 3 % sp\u013a\u0148aj\u00fa pr\u00edsne normy pre in\u0161tal\u00e1cie v TZB. S\u00fa navrhnut\u00e9 pre in\u0161tal\u00e1ciu mera\u010dov tepla alebo vodomerov.Pripojenie rozde\u013eova\u010da\/zbera\u010da je ukon\u010den\u00e9 5\/4\u201d vn\u00fatorn\u00fdm z\u00e1vitom. Druh\u00e1 strana nosn\u00edka je zaslepen\u00e1 5\/4\u201d z\u00e1tkou (mo\u017enos\u0165 pripojenia pravej alebo \u013eavej strany). V\u00fdstupy pre jednotliv\u00e9 okruhy s\u00fa ukon\u010den\u00e9 G3\/4\u201c z\u00e1vitom. S\u00fa\u010dastou [&hellip;]<\/p>\n","protected":false},"featured_media":10602,"comment_status":"open","ping_status":"closed","template":"","meta":{"jetpack_publicize_message":"","jetpack_publicize_feature_enabled":true,"jetpack_social_post_already_shared":true,"jetpack_social_options":{"image_generator_settings":{"template":"highway","default_image_id":0,"font":"","enabled":false},"version":2}},"product_brand":[],"product_cat":[2187],"product_tag":[2214,2194,2192,2215,2201],"class_list":{"0":"post-10606","1":"product","2":"type-product","3":"status-publish","4":"has-post-thumbnail","6":"product_cat-rozdelovace-5-4-pre-merace-tepla-a-vodomery","7":"product_tag-4-okruhov","8":"product_tag-5-4","9":"product_tag-bytovy","10":"product_tag-bytovy-zberac-4-okruhov-5-4","11":"product_tag-zberac","13":"first","14":"instock","15":"taxable","16":"shipping-taxable","17":"purchasable","18":"product-type-simple"},"jetpack_publicize_connections":[],"jetpack_sharing_enabled":true,"_links":{"self":[{"href":"https:\/\/revop-eshop.sk\/index.php?rest_route=\/wp\/v2\/product\/10606","targetHints":{"allow":["GET"]}}],"collection":[{"href":"https:\/\/revop-eshop.sk\/index.php?rest_route=\/wp\/v2\/product"}],"about":[{"href":"https:\/\/revop-eshop.sk\/index.php?rest_route=\/wp\/v2\/types\/product"}],"replies":[{"embeddable":true,"href":"https:\/\/revop-eshop.sk\/index.php?rest_route=%2Fwp%2Fv2%2Fcomments&post=10606"}],"wp:featuredmedia":[{"embeddable":true,"href":"https:\/\/revop-eshop.sk\/index.php?rest_route=\/wp\/v2\/media\/10602"}],"wp:attachment":[{"href":"https:\/\/revop-eshop.sk\/index.php?rest_route=%2Fwp%2Fv2%2Fmedia&parent=10606"}],"wp:term":[{"taxonomy":"product_brand","embeddable":true,"href":"https:\/\/revop-eshop.sk\/index.php?rest_route=%2Fwp%2Fv2%2Fproduct_brand&post=10606"},{"taxonomy":"product_cat","embeddable":true,"href":"https:\/\/revop-eshop.sk\/index.php?rest_route=%2Fwp%2Fv2%2Fproduct_cat&post=10606"},{"taxonomy":"product_tag","embeddable":true,"href":"https:\/\/revop-eshop.sk\/index.php?rest_route=%2Fwp%2Fv2%2Fproduct_tag&post=10606"}],"curies":[{"name":"wp","href":"https:\/\/api.w.org\/{rel}","templated":true}]}}