{"id":10587,"date":"2025-12-11T17:14:05","date_gmt":"2025-12-11T16:14:05","guid":{"rendered":"https:\/\/revop-eshop.sk\/?product=rozdelovac-na-cirkulaciu-1-okruh"},"modified":"2025-12-11T17:59:26","modified_gmt":"2025-12-11T16:59:26","slug":"rozdelovac-na-cirkulaciu-1-okruh","status":"publish","type":"product","link":"https:\/\/revop-eshop.sk\/?product=rozdelovac-na-cirkulaciu-1-okruh","title":{"rendered":"Rozde\u013eova\u010d na cirkul\u00e1ciu 1 okruh"},"content":{"rendered":"","protected":false},"excerpt":{"rendered":"","protected":false},"featured_media":10586,"comment_status":"open","ping_status":"closed","template":"","meta":{"jetpack_publicize_message":"","jetpack_publicize_feature_enabled":true,"jetpack_social_post_already_shared":true,"jetpack_social_options":{"image_generator_settings":{"template":"highway","default_image_id":0,"font":"","enabled":false},"version":2}},"product_brand":[],"product_cat":[2185],"product_tag":[2238,2219,481,2237],"class_list":{"0":"post-10587","1":"product","2":"type-product","3":"status-publish","4":"has-post-thumbnail","6":"product_cat-rozdelovace-mosadzne-pre-zti","7":"product_tag-1-okruhov","8":"product_tag-na-cirkulaciu","9":"product_tag-rozdelovac","10":"product_tag-rozdelovac-na-cirkulaciu-1-okruhov","12":"first","13":"instock","14":"taxable","15":"shipping-taxable","16":"purchasable","17":"product-type-simple"},"jetpack_publicize_connections":[],"jetpack_sharing_enabled":true,"_links":{"self":[{"href":"https:\/\/revop-eshop.sk\/index.php?rest_route=\/wp\/v2\/product\/10587","targetHints":{"allow":["GET"]}}],"collection":[{"href":"https:\/\/revop-eshop.sk\/index.php?rest_route=\/wp\/v2\/product"}],"about":[{"href":"https:\/\/revop-eshop.sk\/index.php?rest_route=\/wp\/v2\/types\/product"}],"replies":[{"embeddable":true,"href":"https:\/\/revop-eshop.sk\/index.php?rest_route=%2Fwp%2Fv2%2Fcomments&post=10587"}],"wp:featuredmedia":[{"embeddable":true,"href":"https:\/\/revop-eshop.sk\/index.php?rest_route=\/wp\/v2\/media\/10586"}],"wp:attachment":[{"href":"https:\/\/revop-eshop.sk\/index.php?rest_route=%2Fwp%2Fv2%2Fmedia&parent=10587"}],"wp:term":[{"taxonomy":"product_brand","embeddable":true,"href":"https:\/\/revop-eshop.sk\/index.php?rest_route=%2Fwp%2Fv2%2Fproduct_brand&post=10587"},{"taxonomy":"product_cat","embeddable":true,"href":"https:\/\/revop-eshop.sk\/index.php?rest_route=%2Fwp%2Fv2%2Fproduct_cat&post=10587"},{"taxonomy":"product_tag","embeddable":true,"href":"https:\/\/revop-eshop.sk\/index.php?rest_route=%2Fwp%2Fv2%2Fproduct_tag&post=10587"}],"curies":[{"name":"wp","href":"https:\/\/api.w.org\/{rel}","templated":true}]}}