{"id":10577,"date":"2025-12-11T17:14:00","date_gmt":"2025-12-11T16:14:00","guid":{"rendered":"https:\/\/revop-eshop.sk\/?product=rozdelovac-na-studenu-a-teplu-vodu-7-okruhov"},"modified":"2025-12-11T18:03:13","modified_gmt":"2025-12-11T17:03:13","slug":"rozdelovac-na-studenu-a-teplu-vodu-7-okruhov","status":"publish","type":"product","link":"https:\/\/revop-eshop.sk\/?product=rozdelovac-na-studenu-a-teplu-vodu-7-okruhov","title":{"rendered":"Rozde\u013eova\u010d na studen\u00fa a tepl\u00fa vodu 7 okruhov"},"content":{"rendered":"","protected":false},"excerpt":{"rendered":"","protected":false},"featured_media":10570,"comment_status":"open","ping_status":"closed","template":"","meta":{"jetpack_publicize_message":"","jetpack_publicize_feature_enabled":true,"jetpack_social_post_already_shared":true,"jetpack_social_options":{"image_generator_settings":{"template":"highway","default_image_id":0,"font":"","enabled":false},"version":2}},"product_brand":[],"product_cat":[2185],"product_tag":[1654,481,2249,2239,2240,2241],"class_list":{"0":"post-10577","1":"product","2":"type-product","3":"status-publish","4":"has-post-thumbnail","6":"product_cat-rozdelovace-mosadzne-pre-zti","7":"product_tag-7-okruhov","8":"product_tag-rozdelovac","9":"product_tag-rozdelovac-na-studenu-a-teplu-vodu-7-okruhov","10":"product_tag-studenu","11":"product_tag-teplu","12":"product_tag-vodu","14":"first","15":"instock","16":"taxable","17":"shipping-taxable","18":"purchasable","19":"product-type-simple"},"jetpack_publicize_connections":[],"jetpack_sharing_enabled":true,"_links":{"self":[{"href":"https:\/\/revop-eshop.sk\/index.php?rest_route=\/wp\/v2\/product\/10577","targetHints":{"allow":["GET"]}}],"collection":[{"href":"https:\/\/revop-eshop.sk\/index.php?rest_route=\/wp\/v2\/product"}],"about":[{"href":"https:\/\/revop-eshop.sk\/index.php?rest_route=\/wp\/v2\/types\/product"}],"replies":[{"embeddable":true,"href":"https:\/\/revop-eshop.sk\/index.php?rest_route=%2Fwp%2Fv2%2Fcomments&post=10577"}],"wp:featuredmedia":[{"embeddable":true,"href":"https:\/\/revop-eshop.sk\/index.php?rest_route=\/wp\/v2\/media\/10570"}],"wp:attachment":[{"href":"https:\/\/revop-eshop.sk\/index.php?rest_route=%2Fwp%2Fv2%2Fmedia&parent=10577"}],"wp:term":[{"taxonomy":"product_brand","embeddable":true,"href":"https:\/\/revop-eshop.sk\/index.php?rest_route=%2Fwp%2Fv2%2Fproduct_brand&post=10577"},{"taxonomy":"product_cat","embeddable":true,"href":"https:\/\/revop-eshop.sk\/index.php?rest_route=%2Fwp%2Fv2%2Fproduct_cat&post=10577"},{"taxonomy":"product_tag","embeddable":true,"href":"https:\/\/revop-eshop.sk\/index.php?rest_route=%2Fwp%2Fv2%2Fproduct_tag&post=10577"}],"curies":[{"name":"wp","href":"https:\/\/api.w.org\/{rel}","templated":true}]}}