{"id":10569,"date":"2025-12-11T17:13:56","date_gmt":"2025-12-11T16:13:56","guid":{"rendered":"https:\/\/revop-eshop.sk\/?product=uzatvaraci-ventil-spiatocky-rozdelovaca-trpho"},"modified":"2025-12-11T18:06:35","modified_gmt":"2025-12-11T17:06:35","slug":"uzatvaraci-ventil-spiatocky-rozdelovaca-trpho","status":"publish","type":"product","link":"https:\/\/revop-eshop.sk\/?product=uzatvaraci-ventil-spiatocky-rozdelovaca-trpho","title":{"rendered":"Uzatv\u00e1rac\u00ed ventil spiato\u010dky rozde\u013eova\u010da TRPHO"},"content":{"rendered":"","protected":false},"excerpt":{"rendered":"","protected":false},"featured_media":10568,"comment_status":"open","ping_status":"closed","template":"","meta":{"jetpack_publicize_message":"","jetpack_publicize_feature_enabled":true,"jetpack_social_post_already_shared":true,"jetpack_social_options":{"image_generator_settings":{"template":"highway","default_image_id":0,"font":"","enabled":false},"version":2}},"product_brand":[],"product_cat":[2183],"product_tag":[1634,2259,2260,2258,2257,1011],"class_list":{"0":"post-10569","1":"product","2":"type-product","3":"status-publish","4":"has-post-thumbnail","6":"product_cat-prislusenstvo-pre-rozdelovace","7":"product_tag-rozdelovaca","8":"product_tag-spiatocky","9":"product_tag-trpho","10":"product_tag-uzatvaraci","11":"product_tag-uzatvaraci-ventil-spiatocky-rozdelovaca-trpho","12":"product_tag-ventil","14":"first","15":"instock","16":"taxable","17":"shipping-taxable","18":"purchasable","19":"product-type-simple"},"jetpack_publicize_connections":[],"jetpack_sharing_enabled":true,"_links":{"self":[{"href":"https:\/\/revop-eshop.sk\/index.php?rest_route=\/wp\/v2\/product\/10569","targetHints":{"allow":["GET"]}}],"collection":[{"href":"https:\/\/revop-eshop.sk\/index.php?rest_route=\/wp\/v2\/product"}],"about":[{"href":"https:\/\/revop-eshop.sk\/index.php?rest_route=\/wp\/v2\/types\/product"}],"replies":[{"embeddable":true,"href":"https:\/\/revop-eshop.sk\/index.php?rest_route=%2Fwp%2Fv2%2Fcomments&post=10569"}],"wp:featuredmedia":[{"embeddable":true,"href":"https:\/\/revop-eshop.sk\/index.php?rest_route=\/wp\/v2\/media\/10568"}],"wp:attachment":[{"href":"https:\/\/revop-eshop.sk\/index.php?rest_route=%2Fwp%2Fv2%2Fmedia&parent=10569"}],"wp:term":[{"taxonomy":"product_brand","embeddable":true,"href":"https:\/\/revop-eshop.sk\/index.php?rest_route=%2Fwp%2Fv2%2Fproduct_brand&post=10569"},{"taxonomy":"product_cat","embeddable":true,"href":"https:\/\/revop-eshop.sk\/index.php?rest_route=%2Fwp%2Fv2%2Fproduct_cat&post=10569"},{"taxonomy":"product_tag","embeddable":true,"href":"https:\/\/revop-eshop.sk\/index.php?rest_route=%2Fwp%2Fv2%2Fproduct_tag&post=10569"}],"curies":[{"name":"wp","href":"https:\/\/api.w.org\/{rel}","templated":true}]}}