{"id":10567,"date":"2025-12-11T17:13:54","date_gmt":"2025-12-11T16:13:54","guid":{"rendered":"https:\/\/revop-eshop.sk\/?product=uzatvaraci-ventil-spiatocky-rozdelovaca-trpho-set"},"modified":"2025-12-11T18:07:15","modified_gmt":"2025-12-11T17:07:15","slug":"uzatvaraci-ventil-spiatocky-rozdelovaca-trpho-set","status":"publish","type":"product","link":"https:\/\/revop-eshop.sk\/?product=uzatvaraci-ventil-spiatocky-rozdelovaca-trpho-set","title":{"rendered":"Uzatv\u00e1rac\u00ed ventil spiato\u010dky rozde\u013eova\u010da TRPHO set"},"content":{"rendered":"","protected":false},"excerpt":{"rendered":"","protected":false},"featured_media":10566,"comment_status":"open","ping_status":"closed","template":"","meta":{"jetpack_publicize_message":"","jetpack_publicize_feature_enabled":true,"jetpack_social_post_already_shared":true,"jetpack_social_options":{"image_generator_settings":{"template":"highway","default_image_id":0,"font":"","enabled":false},"version":2}},"product_brand":[],"product_cat":[2183],"product_tag":[1634,2263,2258,2261,2262],"class_list":{"0":"post-10567","1":"product","2":"type-product","3":"status-publish","4":"has-post-thumbnail","6":"product_cat-prislusenstvo-pre-rozdelovace","7":"product_tag-rozdelovaca","8":"product_tag-trphoset","9":"product_tag-uzatvaraci","10":"product_tag-uzatvaraci-ventil-spiatocky-rozdelovaca-trpho-set","11":"product_tag-ventil-spiatocky","13":"first","14":"instock","15":"taxable","16":"shipping-taxable","17":"purchasable","18":"product-type-simple"},"jetpack_publicize_connections":[],"jetpack_sharing_enabled":true,"_links":{"self":[{"href":"https:\/\/revop-eshop.sk\/index.php?rest_route=\/wp\/v2\/product\/10567","targetHints":{"allow":["GET"]}}],"collection":[{"href":"https:\/\/revop-eshop.sk\/index.php?rest_route=\/wp\/v2\/product"}],"about":[{"href":"https:\/\/revop-eshop.sk\/index.php?rest_route=\/wp\/v2\/types\/product"}],"replies":[{"embeddable":true,"href":"https:\/\/revop-eshop.sk\/index.php?rest_route=%2Fwp%2Fv2%2Fcomments&post=10567"}],"wp:featuredmedia":[{"embeddable":true,"href":"https:\/\/revop-eshop.sk\/index.php?rest_route=\/wp\/v2\/media\/10566"}],"wp:attachment":[{"href":"https:\/\/revop-eshop.sk\/index.php?rest_route=%2Fwp%2Fv2%2Fmedia&parent=10567"}],"wp:term":[{"taxonomy":"product_brand","embeddable":true,"href":"https:\/\/revop-eshop.sk\/index.php?rest_route=%2Fwp%2Fv2%2Fproduct_brand&post=10567"},{"taxonomy":"product_cat","embeddable":true,"href":"https:\/\/revop-eshop.sk\/index.php?rest_route=%2Fwp%2Fv2%2Fproduct_cat&post=10567"},{"taxonomy":"product_tag","embeddable":true,"href":"https:\/\/revop-eshop.sk\/index.php?rest_route=%2Fwp%2Fv2%2Fproduct_tag&post=10567"}],"curies":[{"name":"wp","href":"https:\/\/api.w.org\/{rel}","templated":true}]}}