{"id":10565,"date":"2025-12-11T17:13:52","date_gmt":"2025-12-11T16:13:52","guid":{"rendered":"https:\/\/revop-eshop.sk\/?product=regulacny-ventil-pre-rozdelovac"},"modified":"2025-12-11T18:07:58","modified_gmt":"2025-12-11T17:07:58","slug":"regulacny-ventil-pre-rozdelovac","status":"publish","type":"product","link":"https:\/\/revop-eshop.sk\/?product=regulacny-ventil-pre-rozdelovac","title":{"rendered":"Regula\u010dn\u00fd ventil pre rozde\u013eova\u010d"},"content":{"rendered":"","protected":false},"excerpt":{"rendered":"","protected":false},"featured_media":0,"comment_status":"open","ping_status":"closed","template":"","meta":{"jetpack_publicize_message":"","jetpack_publicize_feature_enabled":true,"jetpack_social_post_already_shared":true,"jetpack_social_options":{"image_generator_settings":{"template":"highway","default_image_id":0,"font":"","enabled":false},"version":2}},"product_brand":[],"product_cat":[2183],"product_tag":[2266,1110,2267,1011],"class_list":{"0":"post-10565","1":"product","2":"type-product","3":"status-publish","5":"product_cat-prislusenstvo-pre-rozdelovace","6":"product_tag-pre-rozdelovac","7":"product_tag-regulacny","8":"product_tag-regulacny-ventil-pre-rozdelovac","9":"product_tag-ventil","11":"first","12":"instock","13":"taxable","14":"shipping-taxable","15":"purchasable","16":"product-type-simple"},"jetpack_publicize_connections":[],"jetpack_sharing_enabled":true,"_links":{"self":[{"href":"https:\/\/revop-eshop.sk\/index.php?rest_route=\/wp\/v2\/product\/10565","targetHints":{"allow":["GET"]}}],"collection":[{"href":"https:\/\/revop-eshop.sk\/index.php?rest_route=\/wp\/v2\/product"}],"about":[{"href":"https:\/\/revop-eshop.sk\/index.php?rest_route=\/wp\/v2\/types\/product"}],"replies":[{"embeddable":true,"href":"https:\/\/revop-eshop.sk\/index.php?rest_route=%2Fwp%2Fv2%2Fcomments&post=10565"}],"wp:attachment":[{"href":"https:\/\/revop-eshop.sk\/index.php?rest_route=%2Fwp%2Fv2%2Fmedia&parent=10565"}],"wp:term":[{"taxonomy":"product_brand","embeddable":true,"href":"https:\/\/revop-eshop.sk\/index.php?rest_route=%2Fwp%2Fv2%2Fproduct_brand&post=10565"},{"taxonomy":"product_cat","embeddable":true,"href":"https:\/\/revop-eshop.sk\/index.php?rest_route=%2Fwp%2Fv2%2Fproduct_cat&post=10565"},{"taxonomy":"product_tag","embeddable":true,"href":"https:\/\/revop-eshop.sk\/index.php?rest_route=%2Fwp%2Fv2%2Fproduct_tag&post=10565"}],"curies":[{"name":"wp","href":"https:\/\/api.w.org\/{rel}","templated":true}]}}