{"id":10558,"date":"2025-12-11T17:13:46","date_gmt":"2025-12-11T16:13:46","guid":{"rendered":"https:\/\/revop-eshop.sk\/?product=cerpadlova-zostava-pre-cirkulaciu"},"modified":"2025-12-11T18:09:20","modified_gmt":"2025-12-11T17:09:20","slug":"cerpadlova-zostava-pre-cirkulaciu","status":"publish","type":"product","link":"https:\/\/revop-eshop.sk\/?product=cerpadlova-zostava-pre-cirkulaciu","title":{"rendered":"\u010cerpadlov\u00e1 zostava pre cirkul\u00e1ciu"},"content":{"rendered":"","protected":false},"excerpt":{"rendered":"","protected":false},"featured_media":10557,"comment_status":"open","ping_status":"closed","template":"","meta":{"jetpack_publicize_message":"","jetpack_publicize_feature_enabled":true,"jetpack_social_post_already_shared":true,"jetpack_social_options":{"image_generator_settings":{"template":"highway","default_image_id":0,"font":"","enabled":false},"version":2}},"product_brand":[],"product_cat":[2188],"product_tag":[633,2277,2276,757,632],"class_list":{"0":"post-10558","1":"product","2":"type-product","3":"status-publish","4":"has-post-thumbnail","6":"product_cat-zmiesavacie-skupiny-pre-rozdelovace","7":"product_tag-cerpadlova","8":"product_tag-cerpadlova-zostava-pre-cirkulaciu","9":"product_tag-cirkulaciu","10":"product_tag-pre","11":"product_tag-zostava","13":"first","14":"instock","15":"taxable","16":"shipping-taxable","17":"purchasable","18":"product-type-simple"},"jetpack_publicize_connections":[],"jetpack_sharing_enabled":true,"_links":{"self":[{"href":"https:\/\/revop-eshop.sk\/index.php?rest_route=\/wp\/v2\/product\/10558","targetHints":{"allow":["GET"]}}],"collection":[{"href":"https:\/\/revop-eshop.sk\/index.php?rest_route=\/wp\/v2\/product"}],"about":[{"href":"https:\/\/revop-eshop.sk\/index.php?rest_route=\/wp\/v2\/types\/product"}],"replies":[{"embeddable":true,"href":"https:\/\/revop-eshop.sk\/index.php?rest_route=%2Fwp%2Fv2%2Fcomments&post=10558"}],"wp:featuredmedia":[{"embeddable":true,"href":"https:\/\/revop-eshop.sk\/index.php?rest_route=\/wp\/v2\/media\/10557"}],"wp:attachment":[{"href":"https:\/\/revop-eshop.sk\/index.php?rest_route=%2Fwp%2Fv2%2Fmedia&parent=10558"}],"wp:term":[{"taxonomy":"product_brand","embeddable":true,"href":"https:\/\/revop-eshop.sk\/index.php?rest_route=%2Fwp%2Fv2%2Fproduct_brand&post=10558"},{"taxonomy":"product_cat","embeddable":true,"href":"https:\/\/revop-eshop.sk\/index.php?rest_route=%2Fwp%2Fv2%2Fproduct_cat&post=10558"},{"taxonomy":"product_tag","embeddable":true,"href":"https:\/\/revop-eshop.sk\/index.php?rest_route=%2Fwp%2Fv2%2Fproduct_tag&post=10558"}],"curies":[{"name":"wp","href":"https:\/\/api.w.org\/{rel}","templated":true}]}}