{"id":10556,"date":"2025-12-11T17:13:45","date_gmt":"2025-12-11T16:13:45","guid":{"rendered":"https:\/\/revop-eshop.sk\/?product=spojka-pre-rozdelovac-tuv-cirkulacia"},"modified":"2025-12-11T18:09:44","modified_gmt":"2025-12-11T17:09:44","slug":"spojka-pre-rozdelovac-tuv-cirkulacia","status":"publish","type":"product","link":"https:\/\/revop-eshop.sk\/?product=spojka-pre-rozdelovac-tuv-cirkulacia","title":{"rendered":"Spojka pre rozde\u013eova\u010d TUV + cirkul\u00e1cia"},"content":{"rendered":"","protected":false},"excerpt":{"rendered":"","protected":false},"featured_media":10555,"comment_status":"open","ping_status":"closed","template":"","meta":{"jetpack_publicize_message":"","jetpack_publicize_feature_enabled":true,"jetpack_social_post_already_shared":true,"jetpack_social_options":{"image_generator_settings":{"template":"highway","default_image_id":0,"font":"","enabled":false},"version":2}},"product_brand":[],"product_cat":[2183],"product_tag":[2279,757,481,506,2278,1937],"class_list":{"0":"post-10556","1":"product","2":"type-product","3":"status-publish","4":"has-post-thumbnail","6":"product_cat-prislusenstvo-pre-rozdelovace","7":"product_tag-cirkulacia","8":"product_tag-pre","9":"product_tag-rozdelovac","10":"product_tag-spojka","11":"product_tag-spojka-pre-rozdelovac-tuv-cirkulacia","12":"product_tag-tuv","14":"first","15":"instock","16":"taxable","17":"shipping-taxable","18":"purchasable","19":"product-type-simple"},"jetpack_publicize_connections":[],"jetpack_sharing_enabled":true,"_links":{"self":[{"href":"https:\/\/revop-eshop.sk\/index.php?rest_route=\/wp\/v2\/product\/10556","targetHints":{"allow":["GET"]}}],"collection":[{"href":"https:\/\/revop-eshop.sk\/index.php?rest_route=\/wp\/v2\/product"}],"about":[{"href":"https:\/\/revop-eshop.sk\/index.php?rest_route=\/wp\/v2\/types\/product"}],"replies":[{"embeddable":true,"href":"https:\/\/revop-eshop.sk\/index.php?rest_route=%2Fwp%2Fv2%2Fcomments&post=10556"}],"wp:featuredmedia":[{"embeddable":true,"href":"https:\/\/revop-eshop.sk\/index.php?rest_route=\/wp\/v2\/media\/10555"}],"wp:attachment":[{"href":"https:\/\/revop-eshop.sk\/index.php?rest_route=%2Fwp%2Fv2%2Fmedia&parent=10556"}],"wp:term":[{"taxonomy":"product_brand","embeddable":true,"href":"https:\/\/revop-eshop.sk\/index.php?rest_route=%2Fwp%2Fv2%2Fproduct_brand&post=10556"},{"taxonomy":"product_cat","embeddable":true,"href":"https:\/\/revop-eshop.sk\/index.php?rest_route=%2Fwp%2Fv2%2Fproduct_cat&post=10556"},{"taxonomy":"product_tag","embeddable":true,"href":"https:\/\/revop-eshop.sk\/index.php?rest_route=%2Fwp%2Fv2%2Fproduct_tag&post=10556"}],"curies":[{"name":"wp","href":"https:\/\/api.w.org\/{rel}","templated":true}]}}