{"id":10554,"date":"2025-12-11T17:13:44","date_gmt":"2025-12-11T16:13:44","guid":{"rendered":"https:\/\/revop-eshop.sk\/?product=polsrobenie-1x1-pre-rozdelovac-s-prevlecnou-maticou-a-gumenym-tesnenim"},"modified":"2025-12-11T18:10:11","modified_gmt":"2025-12-11T17:10:11","slug":"polsrobenie-1x1-pre-rozdelovac-s-prevlecnou-maticou-a-gumenym-tesnenim","status":"publish","type":"product","link":"https:\/\/revop-eshop.sk\/?product=polsrobenie-1x1-pre-rozdelovac-s-prevlecnou-maticou-a-gumenym-tesnenim","title":{"rendered":"Pol\u0161r\u00f3benie 1&#8243;x1&#8243; pre rozde\u013eova\u010d s prevle\u010dnou maticou a gumen\u00fdm tesnen\u00edm"},"content":{"rendered":"","protected":false},"excerpt":{"rendered":"","protected":false},"featured_media":10553,"comment_status":"open","ping_status":"closed","template":"","meta":{"jetpack_publicize_message":"","jetpack_publicize_feature_enabled":true,"jetpack_social_post_already_shared":true,"jetpack_social_options":{"image_generator_settings":{"template":"highway","default_image_id":0,"font":"","enabled":false},"version":2}},"product_brand":[],"product_cat":[2183],"product_tag":[2281,2284,2283,2280,2286,757,481,2282,2285],"class_list":{"0":"post-10554","1":"product","2":"type-product","3":"status-publish","4":"has-post-thumbnail","6":"product_cat-prislusenstvo-pre-rozdelovace","7":"product_tag-1x1","8":"product_tag-a-gumenym","9":"product_tag-maticou","10":"product_tag-polsrobenie","11":"product_tag-polsrobenie-1x1-pre-rozdelovac-s-prevlecnou-maticou-a-gumenym-tesnenim","12":"product_tag-pre","13":"product_tag-rozdelovac","14":"product_tag-s-prevlecnou","15":"product_tag-tesnenim","17":"first","18":"instock","19":"taxable","20":"shipping-taxable","21":"purchasable","22":"product-type-simple"},"jetpack_publicize_connections":[],"jetpack_sharing_enabled":true,"_links":{"self":[{"href":"https:\/\/revop-eshop.sk\/index.php?rest_route=\/wp\/v2\/product\/10554","targetHints":{"allow":["GET"]}}],"collection":[{"href":"https:\/\/revop-eshop.sk\/index.php?rest_route=\/wp\/v2\/product"}],"about":[{"href":"https:\/\/revop-eshop.sk\/index.php?rest_route=\/wp\/v2\/types\/product"}],"replies":[{"embeddable":true,"href":"https:\/\/revop-eshop.sk\/index.php?rest_route=%2Fwp%2Fv2%2Fcomments&post=10554"}],"wp:featuredmedia":[{"embeddable":true,"href":"https:\/\/revop-eshop.sk\/index.php?rest_route=\/wp\/v2\/media\/10553"}],"wp:attachment":[{"href":"https:\/\/revop-eshop.sk\/index.php?rest_route=%2Fwp%2Fv2%2Fmedia&parent=10554"}],"wp:term":[{"taxonomy":"product_brand","embeddable":true,"href":"https:\/\/revop-eshop.sk\/index.php?rest_route=%2Fwp%2Fv2%2Fproduct_brand&post=10554"},{"taxonomy":"product_cat","embeddable":true,"href":"https:\/\/revop-eshop.sk\/index.php?rest_route=%2Fwp%2Fv2%2Fproduct_cat&post=10554"},{"taxonomy":"product_tag","embeddable":true,"href":"https:\/\/revop-eshop.sk\/index.php?rest_route=%2Fwp%2Fv2%2Fproduct_tag&post=10554"}],"curies":[{"name":"wp","href":"https:\/\/api.w.org\/{rel}","templated":true}]}}