{"id":10552,"date":"2025-12-11T17:13:42","date_gmt":"2025-12-11T16:13:42","guid":{"rendered":"https:\/\/revop-eshop.sk\/?product=ventil-1-mosadz-pre-rozdelovac-rohovy"},"modified":"2025-12-11T18:10:36","modified_gmt":"2025-12-11T17:10:36","slug":"ventil-1-mosadz-pre-rozdelovac-rohovy","status":"publish","type":"product","link":"https:\/\/revop-eshop.sk\/?product=ventil-1-mosadz-pre-rozdelovac-rohovy","title":{"rendered":"Ventil 1&#8243; mosadz pre rozde\u013eova\u010d rohov\u00fd"},"content":{"rendered":"<p>Ventil 1&#8243; mosadz pre rozde\u013eova\u010d \u0161up\u00e1tkov\u00fd. Mo\u017enos\u0165 v\u00fdmeny zvr\u0161ku. Z\u00e1vit 2&#215;1&#8243; vonkaj\u0161\u00ed<\/p>\n","protected":false},"excerpt":{"rendered":"<p>Ventil 1&#8243; mosadz pre rozde\u013eova\u010d \u0161up\u00e1tkov\u00fd. Mo\u017enos\u0165 v\u00fdmeny zvr\u0161ku. Z\u00e1vit 2&#215;1&#8243; vonkaj\u0161\u00ed<\/p>\n","protected":false},"featured_media":10551,"comment_status":"open","ping_status":"closed","template":"","meta":{"jetpack_publicize_message":"","jetpack_publicize_feature_enabled":true,"jetpack_social_post_already_shared":true,"jetpack_social_options":{"image_generator_settings":{"template":"highway","default_image_id":0,"font":"","enabled":false},"version":2}},"product_brand":[],"product_cat":[2183],"product_tag":[26,1076,757,1109,481,1011,2287],"class_list":{"0":"post-10552","1":"product","2":"type-product","3":"status-publish","4":"has-post-thumbnail","6":"product_cat-prislusenstvo-pre-rozdelovace","7":"product_tag-26","8":"product_tag-mosadz","9":"product_tag-pre","10":"product_tag-rohovy","11":"product_tag-rozdelovac","12":"product_tag-ventil","13":"product_tag-ventil-1-mosadz-pre-rozdelovac-rohovy","15":"first","16":"instock","17":"taxable","18":"shipping-taxable","19":"purchasable","20":"product-type-simple"},"jetpack_publicize_connections":[],"jetpack_sharing_enabled":true,"_links":{"self":[{"href":"https:\/\/revop-eshop.sk\/index.php?rest_route=\/wp\/v2\/product\/10552","targetHints":{"allow":["GET"]}}],"collection":[{"href":"https:\/\/revop-eshop.sk\/index.php?rest_route=\/wp\/v2\/product"}],"about":[{"href":"https:\/\/revop-eshop.sk\/index.php?rest_route=\/wp\/v2\/types\/product"}],"replies":[{"embeddable":true,"href":"https:\/\/revop-eshop.sk\/index.php?rest_route=%2Fwp%2Fv2%2Fcomments&post=10552"}],"wp:featuredmedia":[{"embeddable":true,"href":"https:\/\/revop-eshop.sk\/index.php?rest_route=\/wp\/v2\/media\/10551"}],"wp:attachment":[{"href":"https:\/\/revop-eshop.sk\/index.php?rest_route=%2Fwp%2Fv2%2Fmedia&parent=10552"}],"wp:term":[{"taxonomy":"product_brand","embeddable":true,"href":"https:\/\/revop-eshop.sk\/index.php?rest_route=%2Fwp%2Fv2%2Fproduct_brand&post=10552"},{"taxonomy":"product_cat","embeddable":true,"href":"https:\/\/revop-eshop.sk\/index.php?rest_route=%2Fwp%2Fv2%2Fproduct_cat&post=10552"},{"taxonomy":"product_tag","embeddable":true,"href":"https:\/\/revop-eshop.sk\/index.php?rest_route=%2Fwp%2Fv2%2Fproduct_tag&post=10552"}],"curies":[{"name":"wp","href":"https:\/\/api.w.org\/{rel}","templated":true}]}}