{"id":10546,"date":"2025-12-11T17:13:38","date_gmt":"2025-12-11T16:13:38","guid":{"rendered":"https:\/\/revop-eshop.sk\/?product=vypustaci-ventil-pre-rozdelovac"},"modified":"2025-12-11T18:11:50","modified_gmt":"2025-12-11T17:11:50","slug":"vypustaci-ventil-pre-rozdelovac","status":"publish","type":"product","link":"https:\/\/revop-eshop.sk\/?product=vypustaci-ventil-pre-rozdelovac","title":{"rendered":"Vyp\u00fa\u0161\u0165ac\u00ed ventil pre rozde\u013eova\u010d"},"content":{"rendered":"","protected":false},"excerpt":{"rendered":"","protected":false},"featured_media":10545,"comment_status":"open","ping_status":"closed","template":"","meta":{"jetpack_publicize_message":"","jetpack_publicize_feature_enabled":true,"jetpack_social_post_already_shared":true,"jetpack_social_options":{"image_generator_settings":{"template":"highway","default_image_id":0,"font":"","enabled":false},"version":2}},"product_brand":[],"product_cat":[2183],"product_tag":[757,481,1011,2294,2293],"class_list":{"0":"post-10546","1":"product","2":"type-product","3":"status-publish","4":"has-post-thumbnail","6":"product_cat-prislusenstvo-pre-rozdelovace","7":"product_tag-pre","8":"product_tag-rozdelovac","9":"product_tag-ventil","10":"product_tag-vypustaci","11":"product_tag-vypustaci-ventil-pre-rozdelovac","13":"first","14":"instock","15":"taxable","16":"shipping-taxable","17":"purchasable","18":"product-type-simple"},"jetpack_publicize_connections":[],"jetpack_sharing_enabled":true,"_links":{"self":[{"href":"https:\/\/revop-eshop.sk\/index.php?rest_route=\/wp\/v2\/product\/10546","targetHints":{"allow":["GET"]}}],"collection":[{"href":"https:\/\/revop-eshop.sk\/index.php?rest_route=\/wp\/v2\/product"}],"about":[{"href":"https:\/\/revop-eshop.sk\/index.php?rest_route=\/wp\/v2\/types\/product"}],"replies":[{"embeddable":true,"href":"https:\/\/revop-eshop.sk\/index.php?rest_route=%2Fwp%2Fv2%2Fcomments&post=10546"}],"wp:featuredmedia":[{"embeddable":true,"href":"https:\/\/revop-eshop.sk\/index.php?rest_route=\/wp\/v2\/media\/10545"}],"wp:attachment":[{"href":"https:\/\/revop-eshop.sk\/index.php?rest_route=%2Fwp%2Fv2%2Fmedia&parent=10546"}],"wp:term":[{"taxonomy":"product_brand","embeddable":true,"href":"https:\/\/revop-eshop.sk\/index.php?rest_route=%2Fwp%2Fv2%2Fproduct_brand&post=10546"},{"taxonomy":"product_cat","embeddable":true,"href":"https:\/\/revop-eshop.sk\/index.php?rest_route=%2Fwp%2Fv2%2Fproduct_cat&post=10546"},{"taxonomy":"product_tag","embeddable":true,"href":"https:\/\/revop-eshop.sk\/index.php?rest_route=%2Fwp%2Fv2%2Fproduct_tag&post=10546"}],"curies":[{"name":"wp","href":"https:\/\/api.w.org\/{rel}","templated":true}]}}