{"id":10544,"date":"2025-12-11T17:13:36","date_gmt":"2025-12-11T16:13:36","guid":{"rendered":"https:\/\/revop-eshop.sk\/?product=uzatvaraci-ventil-rozdelovaca-zwu-a-cwu"},"modified":"2025-12-11T18:12:12","modified_gmt":"2025-12-11T17:12:12","slug":"uzatvaraci-ventil-rozdelovaca-zwu-a-cwu","status":"publish","type":"product","link":"https:\/\/revop-eshop.sk\/?product=uzatvaraci-ventil-rozdelovaca-zwu-a-cwu","title":{"rendered":"Uzatv\u00e1rac\u00ed ventil rozde\u013eova\u010da ZWU a CWU"},"content":{"rendered":"","protected":false},"excerpt":{"rendered":"","protected":false},"featured_media":10543,"comment_status":"open","ping_status":"closed","template":"","meta":{"jetpack_publicize_message":"","jetpack_publicize_feature_enabled":true,"jetpack_social_post_already_shared":true,"jetpack_social_options":{"image_generator_settings":{"template":"highway","default_image_id":0,"font":"","enabled":false},"version":2}},"product_brand":[],"product_cat":[2183],"product_tag":[2295,2269,1634,2258,2296,1011,2268],"class_list":{"0":"post-10544","1":"product","2":"type-product","3":"status-publish","4":"has-post-thumbnail","6":"product_cat-prislusenstvo-pre-rozdelovace","7":"product_tag-a","8":"product_tag-cwu","9":"product_tag-rozdelovaca","10":"product_tag-uzatvaraci","11":"product_tag-uzatvaraci-ventil-rozdelovaca-zwu-a-cwu","12":"product_tag-ventil","13":"product_tag-zwu","15":"first","16":"instock","17":"taxable","18":"shipping-taxable","19":"purchasable","20":"product-type-simple"},"jetpack_publicize_connections":[],"jetpack_sharing_enabled":true,"_links":{"self":[{"href":"https:\/\/revop-eshop.sk\/index.php?rest_route=\/wp\/v2\/product\/10544","targetHints":{"allow":["GET"]}}],"collection":[{"href":"https:\/\/revop-eshop.sk\/index.php?rest_route=\/wp\/v2\/product"}],"about":[{"href":"https:\/\/revop-eshop.sk\/index.php?rest_route=\/wp\/v2\/types\/product"}],"replies":[{"embeddable":true,"href":"https:\/\/revop-eshop.sk\/index.php?rest_route=%2Fwp%2Fv2%2Fcomments&post=10544"}],"wp:featuredmedia":[{"embeddable":true,"href":"https:\/\/revop-eshop.sk\/index.php?rest_route=\/wp\/v2\/media\/10543"}],"wp:attachment":[{"href":"https:\/\/revop-eshop.sk\/index.php?rest_route=%2Fwp%2Fv2%2Fmedia&parent=10544"}],"wp:term":[{"taxonomy":"product_brand","embeddable":true,"href":"https:\/\/revop-eshop.sk\/index.php?rest_route=%2Fwp%2Fv2%2Fproduct_brand&post=10544"},{"taxonomy":"product_cat","embeddable":true,"href":"https:\/\/revop-eshop.sk\/index.php?rest_route=%2Fwp%2Fv2%2Fproduct_cat&post=10544"},{"taxonomy":"product_tag","embeddable":true,"href":"https:\/\/revop-eshop.sk\/index.php?rest_route=%2Fwp%2Fv2%2Fproduct_tag&post=10544"}],"curies":[{"name":"wp","href":"https:\/\/api.w.org\/{rel}","templated":true}]}}