{"id":10507,"date":"2025-12-11T17:13:13","date_gmt":"2025-12-11T16:13:13","guid":{"rendered":"https:\/\/revop-eshop.sk\/?product=rozdelovac-13-okruhov-mosadz-pre-radiatory"},"modified":"2025-12-11T18:23:22","modified_gmt":"2025-12-11T17:23:22","slug":"rozdelovac-13-okruhov-mosadz-pre-radiatory","status":"publish","type":"product","link":"https:\/\/revop-eshop.sk\/?product=rozdelovac-13-okruhov-mosadz-pre-radiatory","title":{"rendered":"Rozde\u013eova\u010d 13 okruhov mosadz pre radi\u00e1tory"},"content":{"rendered":"<p>&#8220;Vysokokvalitn\u00e9 mosadzn\u00e9 rozde\u013eova\u010de s obsahom olova men\u0161\u00edm ako 3% sp\u013a\u0148aj\u00fa pr\u00edsne normy pre in\u0161tal\u00e1cie v TZB. <\/p>\n<p>Pripojenie rozde\u013eova\u010da je ukon\u010den\u00e9 1\u201d vn\u00fatorn\u00fdm z\u00e1vitom. Druh\u00e1 strana nosn\u00edka je zaslepen\u00e1 1\u201d z\u00e1tkou<br \/>\n(mo\u017enos\u0165 pripojenia pravej alebo \u013eavej strany).<\/p>\n<p>V\u00fdstupy pre jednotliv\u00e9 okruhy s\u00fa ukon\u010den\u00e9 3\/4\u2033 z\u00e1vitom na eurok\u00f3nus.<\/p>\n<p>Zostava je ur\u010den\u00e1 pre povrchov\u00e9 in\u0161tal\u00e1cie.<br \/>\nKa\u017ed\u00fd kus je testovan\u00fd na tesnos\u0165.<\/p>\n<p>V\u0161etky komponenty ako n\u00e1hradne diely m\u00e1me skladom.<\/p>\n<p>Zostava obsahuje <\/p>\n<p>Mosadzn\u00fd nosn\u00edk 1\u201c \u2013 2ks<br \/>\nSpojovacie uchytenie nosn\u00edkov \u2013 2ks<br \/>\nOdvzdu\u0161\u0148ovac\u00ed ventil \u2013 2ks &#8220;<\/p>\n","protected":false},"excerpt":{"rendered":"<p>&#8220;Vysokokvalitn\u00e9 mosadzn\u00e9 rozde\u013eova\u010de s obsahom olova men\u0161\u00edm ako 3% sp\u013a\u0148aj\u00fa pr\u00edsne normy pre in\u0161tal\u00e1cie v TZB. Pripojenie rozde\u013eova\u010da je ukon\u010den\u00e9 1\u201d vn\u00fatorn\u00fdm z\u00e1vitom. Druh\u00e1 strana nosn\u00edka je zaslepen\u00e1 1\u201d z\u00e1tkou (mo\u017enos\u0165 pripojenia pravej alebo \u013eavej strany). V\u00fdstupy pre jednotliv\u00e9 okruhy s\u00fa ukon\u010den\u00e9 3\/4\u2033 z\u00e1vitom na eurok\u00f3nus. Zostava je ur\u010den\u00e1 pre povrchov\u00e9 in\u0161tal\u00e1cie. Ka\u017ed\u00fd kus je [&hellip;]<\/p>\n","protected":false},"featured_media":10493,"comment_status":"open","ping_status":"closed","template":"","meta":{"jetpack_publicize_message":"","jetpack_publicize_feature_enabled":true,"jetpack_social_post_already_shared":true,"jetpack_social_options":{"image_generator_settings":{"template":"highway","default_image_id":0,"font":"","enabled":false},"version":2}},"product_brand":[],"product_cat":[2186],"product_tag":[913,1076,2193,757,1037,481,2339],"class_list":{"0":"post-10507","1":"product","2":"type-product","3":"status-publish","4":"has-post-thumbnail","6":"product_cat-rozdelovace-mosadzne-k-radiatorom","7":"product_tag-913","8":"product_tag-mosadz","9":"product_tag-okruhov","10":"product_tag-pre","11":"product_tag-radiatory","12":"product_tag-rozdelovac","13":"product_tag-rozdelovac-13-okruhov-mosadz-pre-radiatory","15":"first","16":"instock","17":"taxable","18":"shipping-taxable","19":"purchasable","20":"product-type-simple"},"jetpack_publicize_connections":[],"jetpack_sharing_enabled":true,"_links":{"self":[{"href":"https:\/\/revop-eshop.sk\/index.php?rest_route=\/wp\/v2\/product\/10507","targetHints":{"allow":["GET"]}}],"collection":[{"href":"https:\/\/revop-eshop.sk\/index.php?rest_route=\/wp\/v2\/product"}],"about":[{"href":"https:\/\/revop-eshop.sk\/index.php?rest_route=\/wp\/v2\/types\/product"}],"replies":[{"embeddable":true,"href":"https:\/\/revop-eshop.sk\/index.php?rest_route=%2Fwp%2Fv2%2Fcomments&post=10507"}],"wp:featuredmedia":[{"embeddable":true,"href":"https:\/\/revop-eshop.sk\/index.php?rest_route=\/wp\/v2\/media\/10493"}],"wp:attachment":[{"href":"https:\/\/revop-eshop.sk\/index.php?rest_route=%2Fwp%2Fv2%2Fmedia&parent=10507"}],"wp:term":[{"taxonomy":"product_brand","embeddable":true,"href":"https:\/\/revop-eshop.sk\/index.php?rest_route=%2Fwp%2Fv2%2Fproduct_brand&post=10507"},{"taxonomy":"product_cat","embeddable":true,"href":"https:\/\/revop-eshop.sk\/index.php?rest_route=%2Fwp%2Fv2%2Fproduct_cat&post=10507"},{"taxonomy":"product_tag","embeddable":true,"href":"https:\/\/revop-eshop.sk\/index.php?rest_route=%2Fwp%2Fv2%2Fproduct_tag&post=10507"}],"curies":[{"name":"wp","href":"https:\/\/api.w.org\/{rel}","templated":true}]}}