{"id":10374,"date":"2025-12-08T23:25:53","date_gmt":"2025-12-08T22:25:53","guid":{"rendered":"https:\/\/revop-eshop.sk\/?product=sada-k-bojleru-tuv-do-500l-bez-poistneho-ventila"},"modified":"2025-12-09T19:41:43","modified_gmt":"2025-12-09T18:41:43","slug":"sada-k-bojleru-tuv-do-500l-bez-poistneho-ventila","status":"publish","type":"product","link":"https:\/\/revop-eshop.sk\/?product=sada-k-bojleru-tuv-do-500l-bez-poistneho-ventila","title":{"rendered":"Sada k bojleru TUV do 500l bez poistn\u00e9ho ventila"},"content":{"rendered":"<p>Sada obsahuje:<\/p>\n<p>1 x teplomer 63mm 0 \u2013 120\u00b0C s j\u00edmkou 1\/2&#8243; 40mm<br \/>\n1 x j\u00edmka 1\/2&#8243; \u2013 50mm<br \/>\n3 x plastov\u00e9 no\u017ei\u010dky <\/p>\n","protected":false},"excerpt":{"rendered":"<p>Sada obsahuje: 1 x teplomer 63mm 0 \u2013 120\u00b0C s j\u00edmkou 1\/2&#8243; 40mm 1 x j\u00edmka 1\/2&#8243; \u2013 50mm 3 x plastov\u00e9 no\u017ei\u010dky<\/p>\n","protected":false},"featured_media":10373,"comment_status":"open","ping_status":"closed","template":"","meta":{"jetpack_publicize_message":"","jetpack_publicize_feature_enabled":true,"jetpack_social_post_already_shared":true,"jetpack_social_options":{"image_generator_settings":{"template":"highway","default_image_id":0,"font":"","enabled":false},"version":2}},"product_brand":[],"product_cat":[2112],"product_tag":[2115,1935,2114,2116,657,2117,1937],"class_list":{"0":"post-10374","1":"product","2":"type-product","3":"status-publish","4":"has-post-thumbnail","6":"product_cat-prislusenstvo-k-zasobnikom-a-akumulacnym-nadobam","7":"product_tag-bez","8":"product_tag-bojler","9":"product_tag-do-500l","10":"product_tag-poistneho-ventila","11":"product_tag-sada","12":"product_tag-sada-k-bojleru-tuv-do-500l-bez-poistneho-ventila","13":"product_tag-tuv","15":"first","16":"instock","17":"taxable","18":"shipping-taxable","19":"purchasable","20":"product-type-simple"},"jetpack_publicize_connections":[],"jetpack_sharing_enabled":true,"_links":{"self":[{"href":"https:\/\/revop-eshop.sk\/index.php?rest_route=\/wp\/v2\/product\/10374","targetHints":{"allow":["GET"]}}],"collection":[{"href":"https:\/\/revop-eshop.sk\/index.php?rest_route=\/wp\/v2\/product"}],"about":[{"href":"https:\/\/revop-eshop.sk\/index.php?rest_route=\/wp\/v2\/types\/product"}],"replies":[{"embeddable":true,"href":"https:\/\/revop-eshop.sk\/index.php?rest_route=%2Fwp%2Fv2%2Fcomments&post=10374"}],"wp:featuredmedia":[{"embeddable":true,"href":"https:\/\/revop-eshop.sk\/index.php?rest_route=\/wp\/v2\/media\/10373"}],"wp:attachment":[{"href":"https:\/\/revop-eshop.sk\/index.php?rest_route=%2Fwp%2Fv2%2Fmedia&parent=10374"}],"wp:term":[{"taxonomy":"product_brand","embeddable":true,"href":"https:\/\/revop-eshop.sk\/index.php?rest_route=%2Fwp%2Fv2%2Fproduct_brand&post=10374"},{"taxonomy":"product_cat","embeddable":true,"href":"https:\/\/revop-eshop.sk\/index.php?rest_route=%2Fwp%2Fv2%2Fproduct_cat&post=10374"},{"taxonomy":"product_tag","embeddable":true,"href":"https:\/\/revop-eshop.sk\/index.php?rest_route=%2Fwp%2Fv2%2Fproduct_tag&post=10374"}],"curies":[{"name":"wp","href":"https:\/\/api.w.org\/{rel}","templated":true}]}}