{"id":10370,"date":"2025-12-08T23:25:54","date_gmt":"2025-12-08T22:25:54","guid":{"rendered":"https:\/\/revop-eshop.sk\/?product=elektricka-spirala-6-4%e2%80%b3-6kw-230v-400v-s-regulaciou"},"modified":"2025-12-09T19:43:38","modified_gmt":"2025-12-09T18:43:38","slug":"elektricka-spirala-6-4%e2%80%b3-6kw-230v-400v-s-regulaciou","status":"publish","type":"product","link":"https:\/\/revop-eshop.sk\/?product=elektricka-spirala-6-4%e2%80%b3-6kw-230v-400v-s-regulaciou","title":{"rendered":"Elektrick\u00e1 \u0161pir\u00e1la 6\/4\u2033 6kW 230V\/400V s regul\u00e1ciou"},"content":{"rendered":"<p>Elektrick\u00e1 \u0161pir\u00e1la s regul\u00e1ciou teploty je ur\u010den\u00e1 na efekt\u00edvny ohrev vody v akumula\u010dn\u00fdch n\u00e1dr\u017eiach, bojleroch \u010di in\u00fdch vodn\u00fdch syst\u00e9moch.<\/p>\n<p>Extern\u00e1 regul\u00e1cia teploty: umiest\u0148uje sa samostatne do j\u00edmky a prep\u00e1ja sa so \u0161pir\u00e1lou, \u010do umo\u017e\u0148uje flexibiln\u00e9 a efekt\u00edvnej\u0161ie ovl\u00e1danie.<\/p>\n<p>A [MM] &#8211; 440<\/p>\n<p>B [MM] &#8211; 80<\/p>\n<p>Flexibiln\u00e9 zapojenie:<\/p>\n<p>        Ka\u017ed\u00e1 vetva je dimenzovan\u00e1 na 230 V<\/p>\n<p>        Varianta 7500 W je ur\u010den\u00e1 pre 400 V<\/p>\n<p>        Jednof\u00e1zov\u00e9 aj trojf\u00e1zov\u00e9 zapojenie \u2013 pod\u013ea potreby<\/p>\n<p>        Verzia s 400 V vetvami umo\u017e\u0148uje zapojenie na 3&#215;230 V<\/p>\n<p>Krytie IP54 zabezpe\u010duje ochranu proti prachu a striekaj\u00facej vode, \u010do predl\u017euje \u017eivotnos\u0165 a bezpe\u010dnos\u0165 prev\u00e1dzky aj vo vlhkom prostred\u00ed.<\/p>\n<p>Mechanick\u00fd regul\u00e1tor teploty spolu s tepelnou poistkou zabezpe\u010duje, \u017ee pri dosiahnut\u00ed kritickej teploty d\u00f4jde k odpojeniu telesa od elektrick\u00e9ho pr\u00fadu a zabr\u00e1ni jeho po\u0161kodeniu alebo nebezpe\u010denstvu po\u017eiaru.<\/p>\n","protected":false},"excerpt":{"rendered":"<p>Elektrick\u00e1 \u0161pir\u00e1la s regul\u00e1ciou teploty je ur\u010den\u00e1 na efekt\u00edvny ohrev vody v akumula\u010dn\u00fdch n\u00e1dr\u017eiach, bojleroch \u010di in\u00fdch vodn\u00fdch syst\u00e9moch. Extern\u00e1 regul\u00e1cia teploty: umiest\u0148uje sa samostatne do j\u00edmky a prep\u00e1ja sa so \u0161pir\u00e1lou, \u010do umo\u017e\u0148uje flexibiln\u00e9 a efekt\u00edvnej\u0161ie ovl\u00e1danie. A [MM] &#8211; 440 B [MM] &#8211; 80 Flexibiln\u00e9 zapojenie: Ka\u017ed\u00e1 vetva je dimenzovan\u00e1 na 230 V [&hellip;]<\/p>\n","protected":false},"featured_media":10325,"comment_status":"open","ping_status":"closed","template":"","meta":{"jetpack_publicize_message":"","jetpack_publicize_feature_enabled":true,"jetpack_social_post_already_shared":true,"jetpack_social_options":{"image_generator_settings":{"template":"highway","default_image_id":0,"font":"","enabled":false},"version":2}},"product_brand":[],"product_cat":[2112],"product_tag":[2124,2122,2127,1520,2126,1942,2128],"class_list":{"0":"post-10370","1":"product","2":"type-product","3":"status-publish","4":"has-post-thumbnail","6":"product_cat-prislusenstvo-k-zasobnikom-a-akumulacnym-nadobam","7":"product_tag-230v-400v","8":"product_tag-6-4","9":"product_tag-6kw","10":"product_tag-elektricka","11":"product_tag-elektricka-spirala-6-4-6kw-230v-400v-s-regulaciou","12":"product_tag-spirala","13":"product_tag-sregulaciou","15":"first","16":"instock","17":"taxable","18":"shipping-taxable","19":"purchasable","20":"product-type-simple"},"jetpack_publicize_connections":[],"jetpack_sharing_enabled":true,"_links":{"self":[{"href":"https:\/\/revop-eshop.sk\/index.php?rest_route=\/wp\/v2\/product\/10370","targetHints":{"allow":["GET"]}}],"collection":[{"href":"https:\/\/revop-eshop.sk\/index.php?rest_route=\/wp\/v2\/product"}],"about":[{"href":"https:\/\/revop-eshop.sk\/index.php?rest_route=\/wp\/v2\/types\/product"}],"replies":[{"embeddable":true,"href":"https:\/\/revop-eshop.sk\/index.php?rest_route=%2Fwp%2Fv2%2Fcomments&post=10370"}],"wp:featuredmedia":[{"embeddable":true,"href":"https:\/\/revop-eshop.sk\/index.php?rest_route=\/wp\/v2\/media\/10325"}],"wp:attachment":[{"href":"https:\/\/revop-eshop.sk\/index.php?rest_route=%2Fwp%2Fv2%2Fmedia&parent=10370"}],"wp:term":[{"taxonomy":"product_brand","embeddable":true,"href":"https:\/\/revop-eshop.sk\/index.php?rest_route=%2Fwp%2Fv2%2Fproduct_brand&post=10370"},{"taxonomy":"product_cat","embeddable":true,"href":"https:\/\/revop-eshop.sk\/index.php?rest_route=%2Fwp%2Fv2%2Fproduct_cat&post=10370"},{"taxonomy":"product_tag","embeddable":true,"href":"https:\/\/revop-eshop.sk\/index.php?rest_route=%2Fwp%2Fv2%2Fproduct_tag&post=10370"}],"curies":[{"name":"wp","href":"https:\/\/api.w.org\/{rel}","templated":true}]}}