{"id":10354,"date":"2025-12-08T23:25:56","date_gmt":"2025-12-08T22:25:56","guid":{"rendered":"https:\/\/revop-eshop.sk\/?product=nozicky-k-bojleru-a-akumulacnym-nadobam-do-500l"},"modified":"2025-12-09T19:46:13","modified_gmt":"2025-12-09T18:46:13","slug":"nozicky-k-bojleru-a-akumulacnym-nadobam-do-500l","status":"publish","type":"product","link":"https:\/\/revop-eshop.sk\/?product=nozicky-k-bojleru-a-akumulacnym-nadobam-do-500l","title":{"rendered":"No\u017ei\u010dky k bojleru a akumula\u010dn\u00fdm n\u00e1dob\u00e1m do 500l"},"content":{"rendered":"<p>No\u017ei\u010dky k bojleru a akumula\u010dn\u00fdm n\u00e1dob\u00e1m potrebn\u00e9 iba do objemu 500l <\/p>\n<p>Balenie obsahuje 3ks plastov\u00fdch no\u017ei\u010diek. <\/p>\n","protected":false},"excerpt":{"rendered":"<p>No\u017ei\u010dky k bojleru a akumula\u010dn\u00fdm n\u00e1dob\u00e1m potrebn\u00e9 iba do objemu 500l Balenie obsahuje 3ks plastov\u00fdch no\u017ei\u010diek.<\/p>\n","protected":false},"featured_media":10353,"comment_status":"open","ping_status":"closed","template":"","meta":{"jetpack_publicize_message":"","jetpack_publicize_feature_enabled":true,"jetpack_social_post_already_shared":true,"jetpack_social_options":{"image_generator_settings":{"template":"highway","default_image_id":0,"font":"","enabled":false},"version":2}},"product_brand":[],"product_cat":[2112],"product_tag":[1541,2145,2144,2146,2143,2147],"class_list":{"0":"post-10354","1":"product","2":"type-product","3":"status-publish","4":"has-post-thumbnail","6":"product_cat-prislusenstvo-k-zasobnikom-a-akumulacnym-nadobam","7":"product_tag-500l","8":"product_tag-akumulacnym","9":"product_tag-k-bojleru","10":"product_tag-nadobam","11":"product_tag-nozicky","12":"product_tag-nozicky-k-bojleru-a-akumulacnym-nadobam-do-500l","14":"first","15":"instock","16":"taxable","17":"shipping-taxable","18":"purchasable","19":"product-type-simple"},"jetpack_publicize_connections":[],"jetpack_sharing_enabled":true,"_links":{"self":[{"href":"https:\/\/revop-eshop.sk\/index.php?rest_route=\/wp\/v2\/product\/10354","targetHints":{"allow":["GET"]}}],"collection":[{"href":"https:\/\/revop-eshop.sk\/index.php?rest_route=\/wp\/v2\/product"}],"about":[{"href":"https:\/\/revop-eshop.sk\/index.php?rest_route=\/wp\/v2\/types\/product"}],"replies":[{"embeddable":true,"href":"https:\/\/revop-eshop.sk\/index.php?rest_route=%2Fwp%2Fv2%2Fcomments&post=10354"}],"wp:featuredmedia":[{"embeddable":true,"href":"https:\/\/revop-eshop.sk\/index.php?rest_route=\/wp\/v2\/media\/10353"}],"wp:attachment":[{"href":"https:\/\/revop-eshop.sk\/index.php?rest_route=%2Fwp%2Fv2%2Fmedia&parent=10354"}],"wp:term":[{"taxonomy":"product_brand","embeddable":true,"href":"https:\/\/revop-eshop.sk\/index.php?rest_route=%2Fwp%2Fv2%2Fproduct_brand&post=10354"},{"taxonomy":"product_cat","embeddable":true,"href":"https:\/\/revop-eshop.sk\/index.php?rest_route=%2Fwp%2Fv2%2Fproduct_cat&post=10354"},{"taxonomy":"product_tag","embeddable":true,"href":"https:\/\/revop-eshop.sk\/index.php?rest_route=%2Fwp%2Fv2%2Fproduct_tag&post=10354"}],"curies":[{"name":"wp","href":"https:\/\/api.w.org\/{rel}","templated":true}]}}