{"id":10351,"date":"2025-12-08T23:25:56","date_gmt":"2025-12-08T22:25:56","guid":{"rendered":"https:\/\/revop-eshop.sk\/?product=elektricka-spirala-smart-6-4-2kw-230v-s-regulaciou"},"modified":"2025-12-09T19:45:29","modified_gmt":"2025-12-09T18:45:29","slug":"elektricka-spirala-smart-6-4-2kw-230v-s-regulaciou","status":"publish","type":"product","link":"https:\/\/revop-eshop.sk\/?product=elektricka-spirala-smart-6-4-2kw-230v-s-regulaciou","title":{"rendered":"Elektrick\u00e1 \u0161pir\u00e1la SMART 6\/4&#8243; 2kW 230V s regul\u00e1ciou"},"content":{"rendered":"<p>Elektrick\u00e1 v\u00fdhrevn\u00e1 ty\u010d GRSmart je nov\u00fd elektronick\u00fd model na slovenskom trhu. Je ur\u010den\u00e1 pre bojlery a ohrieva\u010de vody, vr\u00e1tane t\u00fdch, ktor\u00e9 pracuj\u00fa v sol\u00e1rnych syst\u00e9moch. V\u00fdhrevn\u00e9 ty\u010de je mo\u017en\u00e9 pou\u017ei\u0165 aj v n\u00e1dr\u017eiach z nehrdzavej\u00facej ocele.<\/p>\n<p>A [MM] &#8211; 390<\/p>\n<p>B [MM] &#8211; 70<\/p>\n<p>D\u013a\u017eka k\u00e1bla [MM] &#8211; 1200<\/p>\n<p>V\u00fdhrevn\u00e1 ty\u010d m\u00e1 mno\u017estvo funkci\u00ed, ktor\u00e9 umo\u017e\u0148uj\u00fa ovl\u00e1danie a programovanie teploty v n\u00e1dr\u017ei, ako aj dia\u013ekov\u00e9 riadenie cez aplik\u00e1ciu \u201eHottech GR Smart\u201c pre smartf\u00f3ny (syst\u00e9m Android\/iOS). Pri prvom spusten\u00ed je potrebn\u00e9 v\u00fdhrevn\u00fa ty\u010d pripoji\u0165 k miestnej WiFi sieti, v\u010faka \u010domu sa spoj\u00ed so serverom a je mo\u017en\u00e9 ju ovl\u00e1da\u0165 cez telef\u00f3n z ak\u00e9hoko\u013evek miesta.<\/p>\n<p>V\u00fdhrevn\u00e1 ty\u010d m\u00e1 6 prev\u00e1dzkov\u00fdch re\u017eimov:<\/p>\n<p>Manu\u00e1lny \u2013 umo\u017e\u0148uje ru\u010dn\u00e9 nastavenie teploty vody v rozsahu 5\u201375\u202f\u00b0C<br \/>\nECO \u2013 udr\u017eiava teplotu na \u00farovni 55\u202f\u00b0C<br \/>\nSmart \u2013 termostat si pam\u00e4t\u00e1 sp\u00f4sob pou\u017e\u00edvania teplej vody a optimalizuje spotrebu elektriny<br \/>\n\u010casova\u010d (Timer) \u2013 umo\u017e\u0148uje naprogramova\u0165 teploty v dennom a t\u00fd\u017edennom re\u017eime (po hodin\u00e1ch)<br \/>\nMimo domu (Poza Domem) \u2013 udr\u017eiava st\u00e1lu teplotu 10\u202f\u00b0C v n\u00e1dr\u017ei<br \/>\nTurbo (Boost) \u2013 r\u00fdchly ohrev \u2013 udr\u017eiavanie teploty 60\u202f\u00b0C po dobu 30 min\u00fat<\/p>\n<p>Navy\u0161e je v\u00fdhrevn\u00e1 ty\u010d vybaven\u00e1:<\/p>\n<p>ochranou proti prehriatiu<br \/>\nsignaliz\u00e1ciou ch\u00fdb prostredn\u00edctvom spr\u00e1v na displeji<br \/>\npredvolen\u00fdm re\u017eimom proti zamrznutiu<br \/>\nfunkciou Anty-Legionella, ktor\u00e1 be\u017e\u00ed na pozad\u00ed a zabra\u0148uje rastu bakt\u00e9ri\u00ed<\/p>\n<p>V\u00fdhrevn\u00e1 ty\u010d GRSmart je dostupn\u00e1 vo v\u00fdkonnostn\u00fdch verzi\u00e1ch 1,5 kW, 2,0 kW a 3,0 kW<\/p>\n","protected":false},"excerpt":{"rendered":"<p>Elektrick\u00e1 v\u00fdhrevn\u00e1 ty\u010d GRSmart je nov\u00fd elektronick\u00fd model na slovenskom trhu. Je ur\u010den\u00e1 pre bojlery a ohrieva\u010de vody, vr\u00e1tane t\u00fdch, ktor\u00e9 pracuj\u00fa v sol\u00e1rnych syst\u00e9moch. V\u00fdhrevn\u00e9 ty\u010de je mo\u017en\u00e9 pou\u017ei\u0165 aj v n\u00e1dr\u017eiach z nehrdzavej\u00facej ocele. A [MM] &#8211; 390 B [MM] &#8211; 70 D\u013a\u017eka k\u00e1bla [MM] &#8211; 1200 V\u00fdhrevn\u00e1 ty\u010d m\u00e1 mno\u017estvo funkci\u00ed, ktor\u00e9 [&hellip;]<\/p>\n","protected":false},"featured_media":10347,"comment_status":"open","ping_status":"closed","template":"","meta":{"jetpack_publicize_message":"","jetpack_publicize_feature_enabled":true,"jetpack_social_post_already_shared":true,"jetpack_social_options":{"image_generator_settings":{"template":"highway","default_image_id":0,"font":"","enabled":false},"version":2}},"product_brand":[],"product_cat":[2112],"product_tag":[895,2141,2138,1520,2140,2125,812,1942],"class_list":{"0":"post-10351","1":"product","2":"type-product","3":"status-publish","4":"has-post-thumbnail","6":"product_cat-prislusenstvo-k-zasobnikom-a-akumulacnym-nadobam","7":"product_tag-230v","8":"product_tag-2kw","9":"product_tag-6-4","10":"product_tag-elektricka","11":"product_tag-elektricka-spirala-smart-6-4-3kw-230v-s-regulaciou","12":"product_tag-regulaciou","13":"product_tag-smart","14":"product_tag-spirala","16":"first","17":"instock","18":"taxable","19":"shipping-taxable","20":"purchasable","21":"product-type-simple"},"jetpack_publicize_connections":[],"jetpack_sharing_enabled":true,"_links":{"self":[{"href":"https:\/\/revop-eshop.sk\/index.php?rest_route=\/wp\/v2\/product\/10351","targetHints":{"allow":["GET"]}}],"collection":[{"href":"https:\/\/revop-eshop.sk\/index.php?rest_route=\/wp\/v2\/product"}],"about":[{"href":"https:\/\/revop-eshop.sk\/index.php?rest_route=\/wp\/v2\/types\/product"}],"replies":[{"embeddable":true,"href":"https:\/\/revop-eshop.sk\/index.php?rest_route=%2Fwp%2Fv2%2Fcomments&post=10351"}],"wp:featuredmedia":[{"embeddable":true,"href":"https:\/\/revop-eshop.sk\/index.php?rest_route=\/wp\/v2\/media\/10347"}],"wp:attachment":[{"href":"https:\/\/revop-eshop.sk\/index.php?rest_route=%2Fwp%2Fv2%2Fmedia&parent=10351"}],"wp:term":[{"taxonomy":"product_brand","embeddable":true,"href":"https:\/\/revop-eshop.sk\/index.php?rest_route=%2Fwp%2Fv2%2Fproduct_brand&post=10351"},{"taxonomy":"product_cat","embeddable":true,"href":"https:\/\/revop-eshop.sk\/index.php?rest_route=%2Fwp%2Fv2%2Fproduct_cat&post=10351"},{"taxonomy":"product_tag","embeddable":true,"href":"https:\/\/revop-eshop.sk\/index.php?rest_route=%2Fwp%2Fv2%2Fproduct_tag&post=10351"}],"curies":[{"name":"wp","href":"https:\/\/api.w.org\/{rel}","templated":true}]}}