{"id":10345,"date":"2025-12-08T23:25:57","date_gmt":"2025-12-08T22:25:57","guid":{"rendered":"https:\/\/revop-eshop.sk\/?product=elektricka-spirala-gr-b-6-4%e2%80%b3-9kw-400v-s-regulaciou"},"modified":"2025-12-09T19:46:43","modified_gmt":"2025-12-09T18:46:43","slug":"elektricka-spirala-gr-b-6-4%e2%80%b3-9kw-400v-s-regulaciou","status":"publish","type":"product","link":"https:\/\/revop-eshop.sk\/?product=elektricka-spirala-gr-b-6-4%e2%80%b3-9kw-400v-s-regulaciou","title":{"rendered":"Elektrick\u00e1 \u0161pir\u00e1la GR-B 6\/4\u2033 9kW 400V s regul\u00e1ciou"},"content":{"rendered":"<p>Elektrick\u00e1 \u0161pir\u00e1la GR-B je vysokor\u00fdchlostn\u00fd model s regul\u00e1ciou teploty ur\u010den\u00fd pre kotly a ohrieva\u010de vody s ve\u013ek\u00fdmi kapacitami vr\u00e1tane t\u00fdch, ktor\u00e9 pracuj\u00fa v sol\u00e1rnych syst\u00e9moch.<\/p>\n<p>A [MM] &#8211; 650<\/p>\n<p>B [MM] &#8211; 135<\/p>\n<p>D\u013a\u017eka k\u00e1bla [MM] &#8211; 2000<\/p>\n<p>Ohrieva\u010d m\u00f4\u017ee by\u0165 tie\u017e pou\u017eit\u00fd v n\u00e1dr\u017eiach z nehrdzavej\u00facej ocele.<\/p>\n<p>M\u00e1 pevn\u00e9 kovov\u00e9 puzdro, spo\u013eahliv\u00fd Cotherm termostat. Ohrieva\u010d m\u00e1 hladk\u00fa regul\u00e1ciu teploty vody v rozsahu 10-80 \u00b0C.<\/p>\n<p>\u0160pir\u00e1la GR-B je k dispoz\u00edcii v 4,5kW, 6,0kW, 9,0kW a 12,0kW na 5\/4&#8243; alebo 6\/4&#8243; z\u00e1vit. <\/p>\n<p>Men\u0161ie v\u00fdkony s\u00fa k dispoz\u00edcii v modeli GR.<\/p>\n","protected":false},"excerpt":{"rendered":"<p>Elektrick\u00e1 \u0161pir\u00e1la GR-B je vysokor\u00fdchlostn\u00fd model s regul\u00e1ciou teploty ur\u010den\u00fd pre kotly a ohrieva\u010de vody s ve\u013ek\u00fdmi kapacitami vr\u00e1tane t\u00fdch, ktor\u00e9 pracuj\u00fa v sol\u00e1rnych syst\u00e9moch. A [MM] &#8211; 650 B [MM] &#8211; 135 D\u013a\u017eka k\u00e1bla [MM] &#8211; 2000 Ohrieva\u010d m\u00f4\u017ee by\u0165 tie\u017e pou\u017eit\u00fd v n\u00e1dr\u017eiach z nehrdzavej\u00facej ocele. M\u00e1 pevn\u00e9 kovov\u00e9 puzdro, spo\u013eahliv\u00fd Cotherm termostat. [&hellip;]<\/p>\n","protected":false},"featured_media":10341,"comment_status":"open","ping_status":"closed","template":"","meta":{"jetpack_publicize_message":"","jetpack_publicize_feature_enabled":true,"jetpack_social_post_already_shared":true,"jetpack_social_options":{"image_generator_settings":{"template":"highway","default_image_id":0,"font":"","enabled":false},"version":2}},"product_brand":[],"product_cat":[2112],"product_tag":[911,2122,2149,1520,2150,2148,2125,1942],"class_list":{"0":"post-10345","1":"product","2":"type-product","3":"status-publish","4":"has-post-thumbnail","6":"product_cat-prislusenstvo-k-zasobnikom-a-akumulacnym-nadobam","7":"product_tag-400v","8":"product_tag-6-4","9":"product_tag-9kw","10":"product_tag-elektricka","11":"product_tag-elektricka-spirala-gr-b-6-4-9kw-400v-s-regulaciou","12":"product_tag-gr-b","13":"product_tag-regulaciou","14":"product_tag-spirala","16":"first","17":"instock","18":"taxable","19":"shipping-taxable","20":"purchasable","21":"product-type-simple"},"jetpack_publicize_connections":[],"jetpack_sharing_enabled":true,"_links":{"self":[{"href":"https:\/\/revop-eshop.sk\/index.php?rest_route=\/wp\/v2\/product\/10345","targetHints":{"allow":["GET"]}}],"collection":[{"href":"https:\/\/revop-eshop.sk\/index.php?rest_route=\/wp\/v2\/product"}],"about":[{"href":"https:\/\/revop-eshop.sk\/index.php?rest_route=\/wp\/v2\/types\/product"}],"replies":[{"embeddable":true,"href":"https:\/\/revop-eshop.sk\/index.php?rest_route=%2Fwp%2Fv2%2Fcomments&post=10345"}],"wp:featuredmedia":[{"embeddable":true,"href":"https:\/\/revop-eshop.sk\/index.php?rest_route=\/wp\/v2\/media\/10341"}],"wp:attachment":[{"href":"https:\/\/revop-eshop.sk\/index.php?rest_route=%2Fwp%2Fv2%2Fmedia&parent=10345"}],"wp:term":[{"taxonomy":"product_brand","embeddable":true,"href":"https:\/\/revop-eshop.sk\/index.php?rest_route=%2Fwp%2Fv2%2Fproduct_brand&post=10345"},{"taxonomy":"product_cat","embeddable":true,"href":"https:\/\/revop-eshop.sk\/index.php?rest_route=%2Fwp%2Fv2%2Fproduct_cat&post=10345"},{"taxonomy":"product_tag","embeddable":true,"href":"https:\/\/revop-eshop.sk\/index.php?rest_route=%2Fwp%2Fv2%2Fproduct_tag&post=10345"}],"curies":[{"name":"wp","href":"https:\/\/api.w.org\/{rel}","templated":true}]}}