{"id":10147,"date":"2025-12-04T17:39:38","date_gmt":"2025-12-04T16:39:38","guid":{"rendered":"https:\/\/revop-eshop.sk\/?post_type=product&#038;p=10147"},"modified":"2025-12-04T18:22:49","modified_gmt":"2025-12-04T17:22:49","slug":"izbovy-termostat-comfort-wt-20","status":"publish","type":"product","link":"https:\/\/revop-eshop.sk\/?product=izbovy-termostat-comfort-wt-20","title":{"rendered":"Izbov\u00fd termostat COMFORT WT-20"},"content":{"rendered":"\n<h4 class=\"wp-block-heading\">Izbov\u00fd termostat COMFORT WT-20,  termostat + prij\u00edma\u010d<\/h4>\n\n\n\n<p><strong>Najd\u00f4le\u017eitej\u0161ie vlastnosti:<\/strong><\/p>\n\n\n\n<ul class=\"wp-block-list\">\n<li>Ve\u013ek\u00fd, \u010ditate\u013en\u00fd displej.<\/li>\n\n\n\n<li>Kompaktn\u00e9 rozmery termostatu a prij\u00edma\u010da a jednoduch\u00e1 mont\u00e1\u017e.<\/li>\n\n\n\n<li>Jednoduch\u00e9 ovl\u00e1danie (5 tla\u010didiel).<\/li>\n\n\n\n<li>Programovate\u013en\u00e9 4 cykly ka\u017ed\u00fd de\u0148.<\/li>\n\n\n\n<li>Displej zobrazuje nastaven\u00fa a nameran\u00fa teplotu a \u010das.<\/li>\n\n\n\n<li>Termostat a prij\u00edma\u010d je mo\u017en\u00e9 upevni\u0165 na stenu\/in\u00fd povrch. Termostat m\u00e1 tie\u017e mo\u017enos\u0165 umiestnenia na prilo\u017een\u00fdch no\u017ei\u010dk\u00e1ch.<\/li>\n<\/ul>\n\n\n\n<p><strong>Ur\u010denie :<\/strong><\/p>\n\n\n\n<p>Termostaty zo s\u00e9rie WT  s\u00fa zariadenia ur\u010den\u00e9 na regul\u00e1ciu teploty v syst\u00e9moch \u00fastredn\u00e9ho k\u00farenia. Ovl\u00e1da\u010de z tejto s\u00e9rie umo\u017e\u0148uj\u00fa dia\u013ekov\u00e9 (Wi-Fi alebo r\u00e1diov\u00e9) alebo lok\u00e1lne naprogramovanie pracovn\u00fdch re\u017eimov. Termostat udr\u017euje teplotu pod\u013ea nastaven\u00ed programu a naprogramovan\u00e9ho \u010dasu, \u010do zni\u017euje n\u00e1klady na spotrebu energie napr\u00edklad po\u010das nepr\u00edtomnosti pou\u017e\u00edvate\u013eov v dome.<\/p>\n\n\n\n<p><strong>Jednoduch\u00e1 in\u0161tal\u00e1cia a \u0161irok\u00e1 kompatibilita:<\/strong><br><br>Termostat je navrhnut\u00fd pre\u00a0<strong>jednoduch\u00fa in\u0161tal\u00e1ciu<\/strong>\u00a0a je\u00a0<strong>kompatibiln\u00fd<\/strong>\u00a0s\u00a0<strong>r\u00f4znymi vykurovac\u00edmi syst\u00e9mami<\/strong>. Dod\u00e1van\u00e9 mont\u00e1\u017ene s\u00fa\u010diastky umo\u017e\u0148uj\u00fa\u00a0<strong>\u013eahk\u00e9 upevnenie na stenu<\/strong>\u00a0alebo\u00a0<strong>umiestnenie na st\u00f4l<\/strong>. Navy\u0161e je kompatibiln\u00fd s\u00a0<strong>hlasov\u00fdmi asistentmi<\/strong>\u00a0Google Assistant a Amazon Alexa.<\/p>\n\n\n\n<p><br><strong>\u0160t\u00fdlov\u00fd dotykov\u00fd displej<\/strong><\/p>\n\n\n\n<p><strong>Dotykov\u00fd displej<\/strong>&nbsp;s&nbsp;<strong>podsvieten\u00edm<\/strong>&nbsp;a&nbsp;<strong>zrkadlov\u00fdm efektom<\/strong>&nbsp;nielen skvele vyzer\u00e1, ale tie\u017e zais\u0165uje&nbsp;<strong>jednoduch\u00e9<\/strong>&nbsp;a&nbsp;<strong>intuit\u00edvne ovl\u00e1danie<\/strong>. Displej zobrazuje&nbsp;<strong>de\u0148 v t\u00fd\u017edni<\/strong>,&nbsp;<strong>\u010das<\/strong>,&nbsp;<strong>okam\u017eit\u00fa<\/strong>&nbsp;a&nbsp;<strong>cie\u013eov\u00fa teplotu<\/strong>,&nbsp;<strong>silu sign\u00e1lu<\/strong>,&nbsp;<strong>stav bat\u00e9rie<\/strong>,&nbsp;<strong>indik\u00e1ciu ohrevu<\/strong>,&nbsp;<strong>detsk\u00e9ho z\u00e1mku<\/strong>,&nbsp;<strong>re\u017eimu otvoren\u00e9ho okna<\/strong>&nbsp;a&nbsp;<strong>re\u017eimu nepr\u00edtomnosti<\/strong>.<br><\/p>\n\n\n\n<p><strong>Flexibiln\u00e9 mo\u017enosti programovania<\/strong><\/p>\n\n\n\n<p>V\u010faka mo\u017enosti&nbsp;<strong>programovania na 7 dn\u00ed v t\u00fd\u017edni<\/strong>&nbsp;s a\u017e&nbsp;<strong>4 r\u00f4znymi \u010dasov\u00fdmi oknami denne<\/strong>&nbsp;m\u00f4\u017eete presne kontrolova\u0165 teplotu vo va\u0161ej dom\u00e1cnosti pod\u013ea va\u0161ich potrieb. Termostat tie\u017e pon\u00faka flexibilitu v sp\u00f4sobe nap\u00e1jania &#8211; m\u00f4\u017ee by\u0165&nbsp;<strong>nap\u00e1jan\u00fd<\/strong>&nbsp;bu\u010f&nbsp;<strong>bat\u00e9riami<\/strong>, alebo pomocou&nbsp;<strong>USB-C k\u00e1bla<\/strong>. S prev\u00e1dzkov\u00fdm&nbsp;<strong>dosahom<\/strong>&nbsp;a\u017e&nbsp;<strong>100 metrov<\/strong>&nbsp;vo&nbsp;<strong>vo\u013enom priestore a 25 metrov<\/strong>&nbsp;v&nbsp;<strong>uzavretom priestore<\/strong>&nbsp;je tento termostat vhodn\u00fd pre r\u00f4zne ve\u013ek\u00e9 interi\u00e9ry.<\/p>\n\n\n\n<figure class=\"wp-block-image\"><img decoding=\"async\" src=\"https:\/\/a.allegroimg.com\/original\/118fea\/9e9eb3914e6a8bebd195cab67147\/IZBOVY-TERMOSTAT-REGULATOR-WIFI-PECE-WT-20-Znacka-Volt-Polska\" alt=\"IZBOV\u00dd TERMOSTAT REGUL\u00c1TOR WIFI PECE WT-20 Zna\u010dka Volt Polska\"\/><\/figure>\n\n\n\n<p><strong>Opis displeja:<\/strong><\/p>\n\n\n\n<ol class=\"wp-block-list\">\n<li>De\u0148 v t\u00fd\u017edni<\/li>\n\n\n\n<li>Hodiny<\/li>\n\n\n\n<li>Akt\u00edvne vykurovanie<\/li>\n\n\n\n<li>Rodi\u010dovsk\u00e1 blok\u00e1da<\/li>\n\n\n\n<li>Re\u017eim \u201eotvoren\u00e9 okno\u201c<\/li>\n\n\n\n<li>\u201eDovolenkov\u00fd\u201c re\u017eim<\/li>\n\n\n\n<li>Ikona sign\u00e1lu<\/li>\n\n\n\n<li>Aktu\u00e1lne obdobie PRG<\/li>\n\n\n\n<li>Manu\u00e1lny re\u017eim<\/li>\n<\/ol>\n\n\n\n<p><strong>PRG \u2013 PROGRAMOVATE\u013dN\u00dd RE\u017dIM, NASTAVENIE CYKLOV<\/strong><\/p>\n\n\n\n<p>Podr\u017ete tla\u010didlo&nbsp;<strong>P<\/strong>&nbsp;dlh\u0161ie, aby ste mohli vst\u00fapi\u0165 do nastaven\u00ed PRG. Dni v t\u00fd\u017edni (pondelok-nede\u013ea) zodpovedaj\u00fa \u010d\u00edsliciam od 1 do 7, ka\u017ed\u00fd de\u0148 m\u00e1 mo\u017enos\u0165 nastavenia \u0161tyroch cyklov (1-4). Tla\u010didlom&nbsp;<strong>P<\/strong>&nbsp;prejdeme na \u010fal\u0161ie nastavenia. Hodiny a teplotu ka\u017ed\u00e9ho cyklu je mo\u017en\u00e9 nastavi\u0165 v nasleduj\u00facich krokoch:<\/p>\n\n\n\n<p>1) Stla\u010dte tla\u010didlo&nbsp;<strong>P<\/strong>&nbsp;a podr\u017ete ho 3 sekundy, displej \u010dasu za\u010dne blika\u0165, zme\u0148te hodnotu pomocou tla\u010didiel \u25b2 a \u25bc\uff08. ka\u017ed\u00e9 stla\u010denie je 15 min\u00fat)<\/p>\n\n\n\n<p>2) Stla\u010dte tla\u010didlo&nbsp;<strong>P<\/strong>, displej teploty za\u010dne blika\u0165, nastavte teplotu pomocou tla\u010didiel \u25b2 a \u25bc.<\/p>\n\n\n\n<p>3) Stla\u010dte tla\u010didlo&nbsp;<strong>P<\/strong>, aby ste pre\u0161li na \u010fal\u0161ie obdobie.<\/p>\n\n\n\n<p>4) Nastavenia in\u00fdch obdob\u00ed sa uskuto\u010d\u0148uj\u00fa rovnako.<br><br><strong>Rozsiahle funkcie pre \u00fasporu energie a bezpe\u010dnos\u0165<\/strong>:<\/p>\n\n\n\n<p>Evolveo Thermal m\u00e1 cel\u00fd rad funkci\u00ed, ktor\u00e9 zais\u0165uj\u00fa maxim\u00e1lny komfort a \u00fasporu energie. Medzi tieto funkcie patr\u00ed&nbsp;<strong>ochrana proti mrazu<\/strong>, ktor\u00e1 automaticky zapne vykurovanie pri poklese teploty pod nastaven\u00fa hranicu v rozmedz\u00ed 5\u201315 \u00b0C,&nbsp;<strong>detsk\u00fd z\u00e1mok<\/strong>&nbsp;zabra\u0148uj\u00faci nechcen\u00e9mu nastaveniu teploty a&nbsp;<strong>detekcie otvoren\u00e9ho okna<\/strong>, ktor\u00e1 umo\u017e\u0148uje termostatu reagova\u0165 na vetranie miestnosti a \u0161etri\u0165 energiu.<\/p>\n\n\n\n<p><strong>Technick\u00e1 \u0161pecifik\u00e1cia:<\/strong><\/p>\n\n\n\n<ul class=\"wp-block-list\">\n<li><strong>Nap\u00e1janie vysiela\u010da:<\/strong>\u00a0USB k\u00e1bel s nab\u00edja\u010dkou, 5V\/1A<\/li>\n\n\n\n<li><strong>Typ vstavanej pam\u00e4te:<\/strong>\u00a0EEPROM<\/li>\n\n\n\n<li><strong>Nap\u00e1janie prij\u00edma\u010da:<\/strong>\u00a0230 V Max 10 A<\/li>\n\n\n\n<li><strong>Rozsah nastavenia teploty:<\/strong>\u00a05 ~ 35 \u00b0C<\/li>\n\n\n\n<li><strong>Rozsah pr\u00e1ce:<\/strong>\u00a00 \u2013 50 \u00b0C<\/li>\n\n\n\n<li><strong>Relat\u00edvna vlhkos\u0165:<\/strong>\u00a085%<\/li>\n\n\n\n<li><strong>Rozmery termostatu:<\/strong>\u00a0125x98x23.5[mm]<\/li>\n\n\n\n<li><strong>Frekvencia sign\u00e1lu:<\/strong>\u00a0868 MHz<\/li>\n\n\n\n<li><strong>Sn\u00edma\u010d:<\/strong>\u00a0NTC 10K, 3950 ohmov pri 25 \u00b0C<\/li>\n\n\n\n<li><strong>Citlivos\u0165:<\/strong>\u00a0\u00b1 0.5 \u00b0C<\/li>\n\n\n\n<li><strong>Trieda ochrany:<\/strong>\u00a0IP20<\/li>\n\n\n\n<li><strong>Obal:<\/strong>\u00a0ABS UL94-5<\/li>\n\n\n\n<li><strong>Certifik\u00e1ty:<\/strong>\u00a0CE, ROHS, RED<\/li>\n\n\n\n<li><strong>Rozmery:<\/strong>\u00a0Vysiela\u010d: 126x98x23,5mm \/ Prij\u00edma\u010d: 90x90x26mm<\/li>\n\n\n\n<li><strong>Hmotnos\u0165:<\/strong>\u00a0Vysiela\u010d: 0,281kg \/ Prij\u00edma\u010d: 0,13kg<br><br><strong>Obsah balenia:<\/strong><\/li>\n\n\n\n<li>Prij\u00edma\u010d<\/li>\n\n\n\n<li>Vysiela\u010d<\/li>\n\n\n\n<li>R\u00e1m\u010dek prij\u00edma\u010da na upevnenie na stenu<\/li>\n\n\n\n<li>Stojan vysiela\u010da na st\u00f4l<\/li>\n\n\n\n<li>Nap\u00e1jac\u00ed adapt\u00e9r<\/li>\n\n\n\n<li>Nap\u00e1jac\u00ed k\u00e1bel<\/li>\n\n\n\n<li>4\u00d7 skrutka (4 \u00d7 22 mm)<\/li>\n\n\n\n<li>4\u00d7 vrut (3,5 \u00d7 22 mm)<\/li>\n<\/ul>\n\n\n\n<p><\/p>\n","protected":false},"excerpt":{"rendered":"<ul>\n<li>Kompatibiln\u00fd s aplik\u00e1ciami <strong>Smart Life<\/strong>,\u00a0<strong>Tuya<\/strong>,\u00a0<strong>Samsung SmartThings<\/strong>\u00a0a\u00a0<strong>IFTTT<\/strong><\/li>\n<li><strong>Dotykov\u00fd displej<\/strong>\u00a0s\u00a0<strong>podsvieten\u00edm<\/strong>\u00a0a\u00a0<strong>zrkadlov\u00fdm efektom<\/strong>\u00a0pre jednoduch\u00e9 ovl\u00e1danie<\/li>\n<li>Pokro\u010dil\u00e9 funkcie:\u00a0<strong>Ochrana proti mrazu<\/strong>,\u00a0<strong>detsk\u00fd z\u00e1mok<\/strong>\u00a0a\u00a0<strong>detekcia otvoren\u00e9ho okna<\/strong><\/li>\n<li>Flexibiln\u00e9\u00a0<strong>programovanie<\/strong>\u00a0\u2013 mo\u017enos\u0165 nastavenia teploty na 7 dn\u00ed v t\u00fd\u017edni a 4 \u010dasov\u00e9 okn\u00e1 denne<\/li>\n<li>Dve mo\u017enosti nap\u00e1jania: USB-C k\u00e1bel alebo AA bat\u00e9rie<\/li>\n<li>\u0160irok\u00fd prev\u00e1dzkov\u00fd dosah a\u017e\u00a0<strong>100 metrov<\/strong>\u00a0vo vo\u013enom priestore a\u00a0<strong>25 metrov<\/strong>\u00a0v uzavretom priestore<\/li>\n<\/ul>\n<h4><strong style=\"font-size: 16px;\"><a href=\"http:\/\/revop-eshop.sk\/wp-content\/uploads\/2024\/05\/Zasobnikove_ohrievace_vody_Vitocell.pdf\"><img decoding=\"async\" class=\"alignnone wp-image-4368\" src=\"http:\/\/revop-eshop.sk\/wp-content\/uploads\/2024\/07\/view-ikona-257x300.png\" alt=\"\" width=\"24\" height=\"28\" srcset=\"https:\/\/revop-eshop.sk\/wp-content\/uploads\/2024\/07\/view-ikona-257x300.png 257w, https:\/\/revop-eshop.sk\/wp-content\/uploads\/2024\/07\/view-ikona-150x175.png 150w, https:\/\/revop-eshop.sk\/wp-content\/uploads\/2024\/07\/view-ikona-416x485.png 416w, https:\/\/revop-eshop.sk\/wp-content\/uploads\/2024\/07\/view-ikona-10x12.png 10w, https:\/\/revop-eshop.sk\/wp-content\/uploads\/2024\/07\/view-ikona.png 439w\" sizes=\"(max-width: 24px) 100vw, 24px\" \/><\/a><\/strong> \u00a0<a href=\"https:\/\/revop-eshop.sk\/wp-content\/uploads\/2025\/12\/termostat_comfort_wt-20_-_navod_na_pouzitie-1.pdf\" target=\"_blank\" rel=\"noopener\">N\u00e1vod na obsluhu<\/a><\/h4>\n<h4><i class=\"fas fa-photo-video \" ><\/i>\u00a0 \u00a0<a href=\"https:\/\/revop-eshop.sk\/wp-content\/uploads\/2025\/12\/Instalace-TermostatWBW2BLACK.mp4\" target=\"_blank\" rel=\"noopener\"> Video\u00a0<\/a><\/h4>\n<p>&nbsp;<\/p>\n","protected":false},"featured_media":10152,"comment_status":"open","ping_status":"closed","template":"","meta":{"jetpack_publicize_message":"","jetpack_publicize_feature_enabled":true,"jetpack_social_post_already_shared":true,"jetpack_social_options":{"image_generator_settings":{"template":"highway","default_image_id":0,"font":"","enabled":false},"version":2}},"product_brand":[],"product_cat":[782],"product_tag":[808,811,798,802,812,796,529,791,807],"class_list":{"0":"post-10147","1":"product","2":"type-product","3":"status-publish","4":"has-post-thumbnail","6":"product_cat-regulacie-a-snimace","7":"product_tag-100-e","8":"product_tag-811","9":"product_tag-bezdrotovy","10":"product_tag-dvojbodovy","11":"product_tag-smart","12":"product_tag-termostat","13":"product_tag-viessmann","14":"product_tag-vitotrol","15":"product_tag-wifi","17":"first","18":"instock","19":"taxable","20":"shipping-taxable","21":"purchasable","22":"product-type-simple"},"jetpack_publicize_connections":[],"jetpack_sharing_enabled":true,"_links":{"self":[{"href":"https:\/\/revop-eshop.sk\/index.php?rest_route=\/wp\/v2\/product\/10147","targetHints":{"allow":["GET"]}}],"collection":[{"href":"https:\/\/revop-eshop.sk\/index.php?rest_route=\/wp\/v2\/product"}],"about":[{"href":"https:\/\/revop-eshop.sk\/index.php?rest_route=\/wp\/v2\/types\/product"}],"replies":[{"embeddable":true,"href":"https:\/\/revop-eshop.sk\/index.php?rest_route=%2Fwp%2Fv2%2Fcomments&post=10147"}],"wp:featuredmedia":[{"embeddable":true,"href":"https:\/\/revop-eshop.sk\/index.php?rest_route=\/wp\/v2\/media\/10152"}],"wp:attachment":[{"href":"https:\/\/revop-eshop.sk\/index.php?rest_route=%2Fwp%2Fv2%2Fmedia&parent=10147"}],"wp:term":[{"taxonomy":"product_brand","embeddable":true,"href":"https:\/\/revop-eshop.sk\/index.php?rest_route=%2Fwp%2Fv2%2Fproduct_brand&post=10147"},{"taxonomy":"product_cat","embeddable":true,"href":"https:\/\/revop-eshop.sk\/index.php?rest_route=%2Fwp%2Fv2%2Fproduct_cat&post=10147"},{"taxonomy":"product_tag","embeddable":true,"href":"https:\/\/revop-eshop.sk\/index.php?rest_route=%2Fwp%2Fv2%2Fproduct_tag&post=10147"}],"curies":[{"name":"wp","href":"https:\/\/api.w.org\/{rel}","templated":true}]}}