{"id":10140,"date":"2025-12-04T15:41:35","date_gmt":"2025-12-04T14:41:35","guid":{"rendered":"https:\/\/revop-eshop.sk\/?post_type=product&#038;p=10140"},"modified":"2025-12-04T16:27:38","modified_gmt":"2025-12-04T15:27:38","slug":"ponorny-snimac-teploty-kolektora-tech","status":"publish","type":"product","link":"https:\/\/revop-eshop.sk\/?product=ponorny-snimac-teploty-kolektora-tech","title":{"rendered":"Ponorn\u00fd sn\u00edma\u010d  teploty kolektora TECH"},"content":{"rendered":"\n<h3 class=\"wp-block-heading\">Parametre produktu<\/h3>\n\n\n\n<figure class=\"wp-block-table is-style-stripes\"><table class=\"has-fixed-layout\"><tbody><tr><td><strong>\u0160pecifik\u00e1cia<\/strong><\/td><td><strong>Jednotka<\/strong><\/td><td>&nbsp;<\/td><\/tr><tr><td>Izol\u00e1cia<\/td><td>&nbsp;<\/td><td>silik\u00f3nov\u00e1 izol\u00e1cia k\u00e1blov<\/td><\/tr><tr><td>Rozsah merania<\/td><td>\u00b0C<\/td><td>-25\u00f7180<\/td><\/tr><tr><td>Presnos\u0165 +\/-<\/td><td>\u00b0C<\/td><td>0,3<\/td><\/tr><tr><td>Odpor pri 0\u00b0C<\/td><td>k\u03a9<\/td><td>1<\/td><\/tr><\/tbody><\/table><\/figure>\n","protected":false},"excerpt":{"rendered":"<div>\u00a0<\/div>\n","protected":false},"featured_media":10141,"comment_status":"open","ping_status":"closed","template":"","meta":{"jetpack_publicize_message":"","jetpack_publicize_feature_enabled":true,"jetpack_social_post_already_shared":true,"jetpack_social_options":{"image_generator_settings":{"template":"highway","default_image_id":0,"font":"","enabled":false},"version":2}},"product_brand":[],"product_cat":[2111],"product_tag":[2109,2110,783,2108,778,2077,779],"class_list":{"0":"post-10140","1":"product","2":"type-product","3":"status-publish","4":"has-post-thumbnail","6":"product_cat-kaskadovy-regulator-tech-pre-kotly-do-32-kw","7":"product_tag-2109","8":"product_tag-kolektora","9":"product_tag-ponorny","10":"product_tag-ponorny-snimac-teploty-kolektora-tech","11":"product_tag-snimac","12":"product_tag-tech","13":"product_tag-teploty","15":"first","16":"instock","17":"taxable","18":"shipping-taxable","19":"purchasable","20":"product-type-simple"},"jetpack_publicize_connections":[],"jetpack_sharing_enabled":true,"_links":{"self":[{"href":"https:\/\/revop-eshop.sk\/index.php?rest_route=\/wp\/v2\/product\/10140","targetHints":{"allow":["GET"]}}],"collection":[{"href":"https:\/\/revop-eshop.sk\/index.php?rest_route=\/wp\/v2\/product"}],"about":[{"href":"https:\/\/revop-eshop.sk\/index.php?rest_route=\/wp\/v2\/types\/product"}],"replies":[{"embeddable":true,"href":"https:\/\/revop-eshop.sk\/index.php?rest_route=%2Fwp%2Fv2%2Fcomments&post=10140"}],"wp:featuredmedia":[{"embeddable":true,"href":"https:\/\/revop-eshop.sk\/index.php?rest_route=\/wp\/v2\/media\/10141"}],"wp:attachment":[{"href":"https:\/\/revop-eshop.sk\/index.php?rest_route=%2Fwp%2Fv2%2Fmedia&parent=10140"}],"wp:term":[{"taxonomy":"product_brand","embeddable":true,"href":"https:\/\/revop-eshop.sk\/index.php?rest_route=%2Fwp%2Fv2%2Fproduct_brand&post=10140"},{"taxonomy":"product_cat","embeddable":true,"href":"https:\/\/revop-eshop.sk\/index.php?rest_route=%2Fwp%2Fv2%2Fproduct_cat&post=10140"},{"taxonomy":"product_tag","embeddable":true,"href":"https:\/\/revop-eshop.sk\/index.php?rest_route=%2Fwp%2Fv2%2Fproduct_tag&post=10140"}],"curies":[{"name":"wp","href":"https:\/\/api.w.org\/{rel}","templated":true}]}}