{"id":10129,"date":"2025-12-04T14:57:00","date_gmt":"2025-12-04T13:57:00","guid":{"rendered":"https:\/\/revop-eshop.sk\/?post_type=product&#038;p=10129"},"modified":"2025-12-04T16:05:51","modified_gmt":"2025-12-04T15:05:51","slug":"internetovy-modul-eu-505","status":"publish","type":"product","link":"https:\/\/revop-eshop.sk\/?product=internetovy-modul-eu-505","title":{"rendered":"Internetov\u00fd modul  EU-505"},"content":{"rendered":"\n<p><\/p>\n\n\n\n<h3 class=\"wp-block-heading\"><strong>IZBOV\u00dd REGUL\u00c1TOR S RS KOMUNIK\u00c1CIOU<\/strong>1m<\/h3>\n\n\n\n<p>Internetov\u00fd modul je zariadenie, ktor\u00e9 umo\u017e\u0148uje dia\u013ekov\u00e9 ovl\u00e1danie kotla alebo in\u0161tal\u00e1cie cez internet. U\u017e\u00edvate\u013e m\u00e1 mo\u017enos\u0165 prezera\u0165 a ovl\u00e1da\u0165 stav v\u0161etk\u00fdch zariaden\u00ed v in\u0161tal\u00e1cii (iba nov\u0161ie verzie), prezera\u0165 hist\u00f3riu tepl\u00f4t v podobe preh\u013eadn\u00fdch grafov a hist\u00f3riu alarmov regul\u00e1cie. Prev\u00e1dzka jednotliv\u00fdch zariaden\u00ed je zobrazen\u00e1 vo forme anim\u00e1cie.<\/p>\n\n\n\n<p>Prihl\u00e1senie do regul\u00e1cie \u2013&nbsp;<strong><a href=\"https:\/\/emodul.eu\/authenticated\" target=\"_blank\" rel=\"noreferrer noopener\">eModul.eu<\/a><\/strong><\/p>\n\n\n\n<ul class=\"wp-block-list\">\n<li>dia\u013ekov\u00e9 ovl\u00e1danie prev\u00e1dzky z\u00f3nov\u00fdch regul\u00e1ci\u00ed termoelektrick\u00fdch pohonov:\u00a0<strong><a href=\"https:\/\/tech-reg.sk\/p\/eu-l-7e\" target=\"_blank\" rel=\"noreferrer noopener\">EU-L-7e<\/a>,\u00a0<a href=\"https:\/\/tech-reg.sk\/p\/eu-l-8e\" target=\"_blank\" rel=\"noreferrer noopener\">EU-L-8e<\/a><\/strong><\/li>\n\n\n\n<li>dia\u013ekov\u00e9 ovl\u00e1danie prev\u00e1dzky regul\u00e1cii pre in\u0161tal\u00e1cie napr.<strong>\u00a0<a href=\"https:\/\/tech-reg.sk\/p\/eu-i-2-plus-ot\" target=\"_blank\" rel=\"noreferrer noopener\">EU-i-2 PLUS OT<\/a><\/strong>,\u00a0<strong><a href=\"https:\/\/tech-reg.sk\/p\/eu-i-3-plus-ot\" target=\"_blank\" rel=\"noreferrer noopener\">EU-i-3 PLUS OT<\/a><\/strong><\/li>\n\n\n\n<li>dia\u013ekov\u00e9 ovl\u00e1danie kotla cez internet<\/li>\n\n\n\n<li>n\u00e1h\u013ead na zariadenia celej in\u0161tal\u00e1cie<\/li>\n\n\n\n<li>mo\u017enos\u0165 \u00fapravy v\u0161etk\u00fdch parametrov hlavnej regul\u00e1cie (so zachovan\u00edm \u0161trukt\u00fary a poradia v menu)<\/li>\n\n\n\n<li>prezeranie hist\u00f3rie tepl\u00f4t<\/li>\n\n\n\n<li>prezeranie hist\u00f3rie udalost\u00ed (alarmov a zmien parametrov)<\/li>\n\n\n\n<li>zmena zadanej teploty<\/li>\n\n\n\n<li>mo\u017enos\u0165 ovl\u00e1da\u0165 viac modulov z jedn\u00e9ho administrat\u00edvneho \u00fa\u010dtu<\/li>\n\n\n\n<li>PUSH notifik\u00e1cia o alarmoch<\/li>\n<\/ul>\n\n\n\n<p><strong>Aplik\u00e1cia eModul je k dispoz\u00edcii na stiahnutie:<\/strong><\/p>\n\n\n\n<ul class=\"wp-block-list\">\n<li>pre zariadenia s Androidom z\u00a0<a href=\"https:\/\/play.google.com\/store\/apps\/details?id=pl.techsterowniki.emodul&amp;hl=pl\" target=\"_blank\" rel=\"noreferrer noopener\"><strong>Google Play<\/strong><\/a><\/li>\n\n\n\n<li>pre zariadenia s iOS z\u00a0<a href=\"https:\/\/itunes.apple.com\/gb\/app\/emodul\/id1155426727?mt=8\" target=\"_blank\" rel=\"noreferrer noopener\"><strong>Apple Store<\/strong><\/a><\/li>\n<\/ul>\n\n\n\n<p><strong>Funkcie pri spolupr\u00e1ci s ostatn\u00fdmi (star\u0161\u00edmi) regul\u00e1ciami<\/strong><\/p>\n\n\n\n<p>login pre panel \u2013&nbsp;<strong><a href=\"http:\/\/www.zdalnie.techsterowniki.pl\/\" target=\"_blank\" rel=\"noreferrer noopener\">www.zdalnie.techsterowniki.pl<\/a><\/strong><\/p>\n\n\n\n<ul class=\"wp-block-list\">\n<li>vzdialen\u00e1 kontrola prev\u00e1dzky kotla internetom<\/li>\n\n\n\n<li>grafick\u00fd interfejs s anim\u00e1ciou na displeji dom\u00e1ceho po\u010d\u00edta\u010da<\/li>\n\n\n\n<li>mo\u017enos\u0165 zmien nastaven\u00fdch tepl\u00f4t zmie\u0161avac\u00edch okruhov a T\u00daV<\/li>\n\n\n\n<li>mo\u017enos\u0165 zmien nastaven\u00fdch tepl\u00f4t na bytovom termostate RS<\/li>\n\n\n\n<li>n\u00e1h\u013ead tepl\u00f4t na sn\u00edma\u010de<\/li>\n\n\n\n<li>hist\u00f3ria tepl\u00f4t<\/li>\n\n\n\n<li>n\u00e1h\u013ead na hist\u00f3riu a druh alarmu<\/li>\n<\/ul>\n\n\n\n<p><strong>Vybavenie regul\u00e1cie:<\/strong><\/p>\n\n\n\n<ul class=\"wp-block-list\">\n<li>nap\u00e1janie 9V DC<\/li>\n\n\n\n<li>rozbo\u010dova\u010d\u00a0<strong>RS<\/strong><\/li>\n\n\n\n<li><strong>RS<\/strong>\u00a0komunika\u010dn\u00fd k\u00e1bel\u00a0<\/li>\n<\/ul>\n\n\n\n<p><strong>Bezdr\u00f4tov\u00e1 verzia (volite\u013en\u00e9)<\/strong><\/p>\n\n\n\n<p>pri pou\u017eit\u00ed s\u00fapravy&nbsp;<strong><a href=\"https:\/\/tech-reg.sk\/produkty\/eu-260\/\" target=\"_blank\" rel=\"noreferrer noopener\">EU-260<\/a>&nbsp;<\/strong>pre bezdr\u00f4tov\u00fa RS komunik\u00e1ciu<\/p>\n","protected":false},"excerpt":{"rendered":"<div>\n<p>Modul EU-505 Ethernet<\/p>\n<ul>\n<li>pre napojenie na internet LAN k\u00e1blom<\/li>\n<li>prihl\u00e1senie cez emodul.eu alebo cez app eModul<\/li>\n<\/ul>\n<p>&nbsp;<\/p>\n<p><strong><a href=\"http:\/\/revop-eshop.sk\/wp-content\/uploads\/2024\/05\/Zasobnikove_ohrievace_vody_Vitocell.pdf\"><img decoding=\"async\" class=\"alignnone wp-image-4368\" src=\"http:\/\/revop-eshop.sk\/wp-content\/uploads\/2024\/07\/view-ikona-257x300.png\" alt=\"\" width=\"24\" height=\"28\" srcset=\"https:\/\/revop-eshop.sk\/wp-content\/uploads\/2024\/07\/view-ikona-257x300.png 257w, https:\/\/revop-eshop.sk\/wp-content\/uploads\/2024\/07\/view-ikona-150x175.png 150w, https:\/\/revop-eshop.sk\/wp-content\/uploads\/2024\/07\/view-ikona-416x485.png 416w, https:\/\/revop-eshop.sk\/wp-content\/uploads\/2024\/07\/view-ikona-10x12.png 10w, https:\/\/revop-eshop.sk\/wp-content\/uploads\/2024\/07\/view-ikona.png 439w\" sizes=\"(max-width: 24px) 100vw, 24px\" \/><\/a><\/strong> <a href=\"https:\/\/revop-eshop.sk\/wp-content\/uploads\/2025\/12\/sk_eu-505_07.12.2021.pdf\" target=\"_blank\" rel=\"noopener\">N\u00e1vod na obsluhu<\/a><\/p>\n<\/div>\n<div>\n<p>&nbsp;<\/p>\n<p>&nbsp;<\/p>\n<\/div>\n","protected":false},"featured_media":10132,"comment_status":"open","ping_status":"closed","template":"","meta":{"jetpack_publicize_message":"","jetpack_publicize_feature_enabled":true,"jetpack_social_post_already_shared":true,"jetpack_social_options":{"image_generator_settings":{"template":"highway","default_image_id":0,"font":"","enabled":false},"version":2}},"product_brand":[],"product_cat":[2111],"product_tag":[2102,2101,2103,2077,796,852],"class_list":{"0":"post-10129","1":"product","2":"type-product","3":"status-publish","4":"has-post-thumbnail","6":"product_cat-kaskadovy-regulator-tech-pre-kotly-do-32-kw","7":"product_tag-2102","8":"product_tag-internetovy-modul-eu-505","9":"product_tag-modul-eu-505-ethernet","10":"product_tag-tech","11":"product_tag-termostat","12":"product_tag-zmiesavaca","14":"first","15":"instock","16":"taxable","17":"shipping-taxable","18":"purchasable","19":"product-type-simple"},"jetpack_publicize_connections":[],"jetpack_sharing_enabled":true,"_links":{"self":[{"href":"https:\/\/revop-eshop.sk\/index.php?rest_route=\/wp\/v2\/product\/10129","targetHints":{"allow":["GET"]}}],"collection":[{"href":"https:\/\/revop-eshop.sk\/index.php?rest_route=\/wp\/v2\/product"}],"about":[{"href":"https:\/\/revop-eshop.sk\/index.php?rest_route=\/wp\/v2\/types\/product"}],"replies":[{"embeddable":true,"href":"https:\/\/revop-eshop.sk\/index.php?rest_route=%2Fwp%2Fv2%2Fcomments&post=10129"}],"wp:featuredmedia":[{"embeddable":true,"href":"https:\/\/revop-eshop.sk\/index.php?rest_route=\/wp\/v2\/media\/10132"}],"wp:attachment":[{"href":"https:\/\/revop-eshop.sk\/index.php?rest_route=%2Fwp%2Fv2%2Fmedia&parent=10129"}],"wp:term":[{"taxonomy":"product_brand","embeddable":true,"href":"https:\/\/revop-eshop.sk\/index.php?rest_route=%2Fwp%2Fv2%2Fproduct_brand&post=10129"},{"taxonomy":"product_cat","embeddable":true,"href":"https:\/\/revop-eshop.sk\/index.php?rest_route=%2Fwp%2Fv2%2Fproduct_cat&post=10129"},{"taxonomy":"product_tag","embeddable":true,"href":"https:\/\/revop-eshop.sk\/index.php?rest_route=%2Fwp%2Fv2%2Fproduct_tag&post=10129"}],"curies":[{"name":"wp","href":"https:\/\/api.w.org\/{rel}","templated":true}]}}