{"id":10104,"date":"2025-12-04T12:34:35","date_gmt":"2025-12-04T11:34:35","guid":{"rendered":"https:\/\/revop-eshop.sk\/?post_type=product&#038;p=10104"},"modified":"2025-12-04T16:18:08","modified_gmt":"2025-12-04T15:18:08","slug":"kaskadovy-regulator-eu-i-2-plus-ot","status":"publish","type":"product","link":"https:\/\/revop-eshop.sk\/?product=kaskadovy-regulator-eu-i-2-plus-ot","title":{"rendered":"Kask\u00e1dov\u00fd regul\u00e1tor EU-i-2 PLUS OT"},"content":{"rendered":"\n<h2 class=\"wp-block-heading\" id=\"opis\"><strong>Regul\u00e1cia pre vykurovacie syst\u00e9myFunkcie vykon\u00e1van\u00e9 regul\u00e1ciou:<\/strong><\/h2>\n\n\n\n<ul class=\"wp-block-list\">\n<li>plynul\u00e1 regul\u00e1cia&nbsp;<strong>dvoch zmie\u0161avac\u00edch ventilov<\/strong>&nbsp;a ich \u010derpadiel s mo\u017enos\u0165ami:\n<ul class=\"wp-block-list\">\n<li>st\u00e1la teplota,<\/li>\n\n\n\n<li>ekvitermick\u00e1 regul\u00e1cia,<\/li>\n\n\n\n<li>korekcia teploty ventila pod\u013ea izbovej teploty,<\/li>\n\n\n\n<li>t\u00fd\u017edenn\u00fd program vykurovania<\/li>\n<\/ul>\n<\/li>\n\n\n\n<li>Pr\u00edprava&nbsp;<strong>T\u00daV<\/strong>&nbsp;s&nbsp;<strong><em>t\u00fd\u017edenn\u00fdm programom<\/em>&nbsp;<\/strong>a&nbsp;funkciou<strong>&nbsp;<em>Legionelly<\/em><\/strong>.<\/li>\n\n\n\n<li><strong>\u0160tyri rovnako konfigurovan\u00e9 v\u00fdstupy<\/strong>&nbsp;pre vz\u00e1jomn\u00e9 prepojenie zdrojov tepla alebo pr\u00e1cu v\u00fdkonn\u00fdch prvkov na z\u00e1klade teploty a&nbsp;\u010dasu (plynov\u00fd kotol, elektrokotol, vykurovacia \u0161pir\u00e1la, \u010derpadl\u00e1, ventily, akumula\u010dn\u00e1 n\u00e1dr\u017e\u2026):\n<ul class=\"wp-block-list\">\n<li><strong>Dva beznap\u00e4\u0165ov\u00e9 v\u00fdstupy<\/strong>&nbsp;(NC\/COM\/NO).<\/li>\n\n\n\n<li><strong>Dva nap\u00e4\u0165ov\u00e9 v\u00fdstupy<\/strong>&nbsp;(230V).<\/li>\n<\/ul>\n<\/li>\n\n\n\n<li><strong>OPENTHERM<\/strong>&nbsp;komunik\u00e1cia so zdrojom tepla.<\/li>\n\n\n\n<li><strong>Dva anal\u00f3gov\u00e9 v\u00fdstupy<\/strong>&nbsp;0-10V<\/li>\n\n\n\n<li><strong>Kask\u00e1dov\u00fd radi\u010d<\/strong>&nbsp;s mo\u017enos\u0165ou vytvorenia&nbsp;<strong>kask\u00e1dy \u0161iestich zdrojov tepla&nbsp;<\/strong>(s vyu\u017eit\u00edm 2x beznap\u00e4\u0165ov\u00fd v\u00fdstup, 2x nap\u00e4\u0165ov\u00fd 230V, 2x 0-10V)&nbsp;na z\u00e1klade st\u00e1lej teploty, ekvitermiky alebo potreby vykurovania akt\u00edvnych okruhov.<\/li>\n\n\n\n<li>Spolupr\u00e1ca s&nbsp;<strong>dvoma bytov\u00fdmi termostatmi&nbsp;<\/strong>so \u0161tandardnou komunik\u00e1ciou (<a href=\"https:\/\/tech-reg.sk\/k\/dvojpolohove-izbove-regulacie-s-benou-komunikaciou-onoff\" target=\"_blank\" rel=\"noreferrer noopener\"><strong>dvojpolohov\u00fd \u2013 zap\/vyp<\/strong><\/a>) s&nbsp;mo\u017enos\u0165ou zn\u00ed\u017eenia teploty ventilu alebo jeho zatvorenia.<\/li>\n\n\n\n<li>Spolupr\u00e1ca s&nbsp;<strong>dvoma bytov\u00fdmi termostatmi&nbsp;<\/strong>s RS komunik\u00e1ciou predur\u010den\u00fdmi pre EU-i-2 (<a href=\"https:\/\/tech-reg.sk\/p\/eu-ri-1\" target=\"_blank\" rel=\"noopener\"><strong>EU-RI-1)<\/strong><\/a>&nbsp;s&nbsp;mo\u017enos\u0165ou dynamickej zmeny teploty ventila alebo jeho zatvorenia.<\/li>\n\n\n\n<li>Spolupr\u00e1ca s&nbsp;<strong>izbov\u00fdm regul\u00e1torom vybaven\u00fdm&nbsp;<a href=\"https:\/\/tech-reg.sk\/k\/izbove-regulacie-s-rs-komunikaciou\" target=\"_blank\" rel=\"noreferrer noopener\">RS komunik\u00e1ciou<\/a><\/strong>, ktor\u00fd umo\u017e\u0148uje okrem nastavenia denn\u00fdch a&nbsp;t\u00fd\u017edenn\u00fdch zmien teploty v&nbsp;miestnosti aj n\u00e1h\u013ead a zmenu tepl\u00f4t zmie\u0161avac\u00edch okruhov, T\u00daV, automatick\u00fa korekciu teploty (+ a -) ventila na z\u00e1klade zmeny teploty v&nbsp;miestnosti.<\/li>\n\n\n\n<li>Mo\u017enos\u0165 pripojenia modulu&nbsp;<strong><a href=\"https:\/\/tech-reg.sk\/p\/eu-505\" target=\"_blank\" rel=\"noreferrer noopener\">EU\u2013505<\/a><\/strong>&nbsp;Ethernet alebo&nbsp;<strong><a href=\"https:\/\/tech-reg.sk\/p\/wifi-rs-1\" target=\"_blank\" rel=\"noreferrer noopener\">WiFi RS<\/a><\/strong>, ktor\u00e9 umo\u017e\u0148uj\u00fa vzdialen\u00e9 ovl\u00e1danie funkcii a sledovanie parametrov pomocou internetu (nov\u00e1 aplik\u00e1cia&nbsp;<strong><a href=\"https:\/\/emodul.eu\/authenticated\" target=\"_blank\" rel=\"noreferrer noopener\">eModul.eu<\/a><\/strong>), vysielanie emailov\u00fdch spr\u00e1v alebo PUSH notifik\u00e1cie pri alarme.<\/li>\n\n\n\n<li>Mo\u017enos\u0165 pripojenia \u010fal\u0161\u00edch&nbsp;<strong>dvoch modulov<\/strong>&nbsp;pre ovl\u00e1danie zmie\u0161avac\u00edch ventilov a&nbsp;ich \u010derpadiel (napr.:&nbsp;<a href=\"https:\/\/tech-reg.sk\/p\/eu-i-1m\" target=\"_blank\" rel=\"noreferrer noopener\"><strong>EU-i-1m,<\/strong><\/a>&nbsp;<strong><a href=\"https:\/\/tech-reg.sk\/p\/eu-i-1\" target=\"_blank\" rel=\"noreferrer noopener\">EU-i-1&nbsp;<\/a><\/strong>alebo<strong>&nbsp;<a href=\"https:\/\/tech-reg.sk\/p\/stz-180-rs\" target=\"_blank\" rel=\"noopener\">STZ-180 RS<\/a><\/strong>).<\/li>\n\n\n\n<li><strong>Ochrana<\/strong>&nbsp;pred ne\u017eiaducim n\u00e1rastom teplej vody v kr\u00e1tkom obehu kotla a pred pr\u00edli\u0161 n\u00edzkou teplotou vykurovacej vody pri n\u00e1vrate do kotla.<\/li>\n\n\n\n<li>Mo\u017enos\u0165&nbsp;<strong>aktualiz\u00e1cie programu<\/strong>&nbsp;cez USB vstup.<\/li>\n<\/ul>\n\n\n\n<ul class=\"wp-block-list\">\n<li><strong>Mo\u017enos\u0165 pripoji\u0165 k syst\u00e9mu&nbsp;<a href=\"https:\/\/tech-reg.sk\/sinum\" target=\"_blank\" rel=\"noopener\">SINUM&nbsp;<\/a><\/strong><strong>s pou\u017eit\u00edm \u0161peci\u00e1lnej verzie programu 1.6.6:<\/strong>\n<ul class=\"wp-block-list\">\n<li>Mo\u017enos\u0165 ovl\u00e1da\u0165 vykurovacie okruhy pomocou izbov\u00fdch regul\u00e1torov pripojen\u00fdch k centr\u00e1lnej jednotke SINUM<\/li>\n\n\n\n<li>Mo\u017enos\u0165 ovl\u00e1da\u0165 pr\u00eddavn\u00e9 kontakty pomocou automatiz\u00e1cii zo syst\u00e9mu SINUM.<\/li>\n\n\n\n<li>Mo\u017enos\u0165 vzdialenej kontroly parametrov.<\/li>\n\n\n\n<li>Program je mo\u017en\u00e9 stiahn\u00fa\u0165<strong><a href=\"https:\/\/tech-reg.sk\/servis-sk\/aktualizacie\" target=\"_blank\" rel=\"noopener\">&nbsp;tu<\/a><\/strong>.<\/li>\n<\/ul>\n<\/li>\n\n\n\n<li><strong>Vybavenie regul\u00e1cie:<\/strong>\n<ul class=\"wp-block-list\">\n<li>ve\u013ek\u00fd farebn\u00fd dotykov\u00fd LCD displej<\/li>\n\n\n\n<li>1x ekvitermick\u00fd sn\u00edma\u010d (vonkaj\u0161ej teploty)<\/li>\n\n\n\n<li>4x sn\u00edma\u010de teploty ventilov, teploty kotla, teploty spiato\u010dky <\/li>\n\n\n\n<li>1x sn\u00edma\u010d T\u00daV<\/li>\n\n\n\n<li>kryt prisp\u00f4soben\u00fd k in\u0161tal\u00e1cii na stenu<\/li>\n<\/ul>\n<\/li>\n<\/ul>\n\n\n\n<p><\/p>\n\n\n\n<h2 class=\"wp-block-heading\">Parametre produktu<\/h2>\n\n\n\n<figure class=\"wp-block-table is-style-stripes\"><table class=\"has-fixed-layout\"><tbody><tr><td><strong>\u0160pecifik\u00e1cia<\/strong><\/td><td><strong>Jednotka<\/strong><\/td><td>&nbsp;<\/td><\/tr><tr><td>Nap\u00e1janie<\/td><td>V<\/td><td>230V +\/- 10% \/ 50Hz<\/td><\/tr><tr><td>Maxim\u00e1lny pr\u00edkon regul\u00e1cie<\/td><td>W<\/td><td>10<\/td><\/tr><tr><td>Teplota prostredia<\/td><td>\u00b0C<\/td><td>5\u00f750<\/td><\/tr><tr><td>Odolnos\u0165 sn\u00edma\u010da teploty<\/td><td>\u00b0C<\/td><td>-30\u00f799<\/td><\/tr><tr><td>Poistka<\/td><td>A<\/td><td>6,3<\/td><\/tr><tr><td>Rozsah nastavenia tepl\u00f4t<\/td><td>\u00b0C<\/td><td>8\u00f790<\/td><\/tr><tr><td>Za\u0165a\u017eenie na ka\u017edom v\u00fdstupe<\/td><td>A<\/td><td>0,5<\/td><\/tr><\/tbody><\/table><\/figure>\n","protected":false},"excerpt":{"rendered":"<div><strong>ovl\u00e1danie 2x <span class=\"show-tooltip\" title=\"\" data-original-title=\"\n\nServopohon je zariadenie, ktor\u00e9 sa pou\u017e\u00edva na riadenie alebo pohyb ur\u010dit\u00e9ho mechanick\u00e9ho syst\u00e9mu pomocou elektromotora alebo hydraulick\u00e9ho aktu\u00e1tora. Jeho hlavn\u00fdm \u00fa\u010delom je zabezpe\u010di\u0165 presn\u00e9 a presn\u00e9 riadenie pohybu, \u010dasto s mo\u017enos\u0165ou\u2026\">servopohon<\/span>, 2x\u00a0<span class=\"show-tooltip\" title=\"\" data-original-title=\"\n\u010cerpadlo\u00a0alebo\u00a0pumpa\u00a0je\u00a0zariadenie\u00a0- mechanick\u00fd\u00a0stroj, ktor\u00fd dod\u00e1va\u00a0kinetick\u00fa,\u00a0potenci\u00e1lnu\u00a0alebo tlakov\u00fa\u00a0energiu tekutine, ktor\u00e1 cez neho pretek\u00e1. Pomocou \u010derpadla sa prepravuj\u00fa tekut\u00e9 alebo plynn\u00e9\u2026\">\u010derpadlo<\/span>\u00a0a T\u00daV<\/strong><\/div>\n<div>\n<ul>\n<li>pre ovl\u00e1danie 6 kotlov<\/li>\n<li>2 zmie\u0161avan\u00fdch okruhov<\/li>\n<li>z\u00e1sobn\u00edka T\u00daV<\/li>\n<li>s mo\u017enos\u0165ou ovl\u00e1dania 2 kotlov prostredn\u00edctvom sign\u00e1lu 0-10 V.<\/li>\n<\/ul>\n<h4><strong style=\"font-size: 16px;\"><a href=\"http:\/\/revop-eshop.sk\/wp-content\/uploads\/2024\/05\/Zasobnikove_ohrievace_vody_Vitocell.pdf\"><img decoding=\"async\" class=\"alignnone wp-image-4368\" src=\"http:\/\/revop-eshop.sk\/wp-content\/uploads\/2024\/07\/view-ikona-257x300.png\" alt=\"\" width=\"24\" height=\"28\" srcset=\"https:\/\/revop-eshop.sk\/wp-content\/uploads\/2024\/07\/view-ikona-257x300.png 257w, https:\/\/revop-eshop.sk\/wp-content\/uploads\/2024\/07\/view-ikona-150x175.png 150w, https:\/\/revop-eshop.sk\/wp-content\/uploads\/2024\/07\/view-ikona-416x485.png 416w, https:\/\/revop-eshop.sk\/wp-content\/uploads\/2024\/07\/view-ikona-10x12.png 10w, https:\/\/revop-eshop.sk\/wp-content\/uploads\/2024\/07\/view-ikona.png 439w\" sizes=\"(max-width: 24px) 100vw, 24px\" \/><\/a><\/strong> <a href=\"https:\/\/revop-eshop.sk\/wp-content\/uploads\/2025\/12\/sk_eu-i-2.pdf\" target=\"_blank\" rel=\"noopener\">N\u00e1vod na obsluhu<\/a><\/h4>\n<p>&nbsp;<\/p>\n<\/div>\n","protected":false},"featured_media":10105,"comment_status":"open","ping_status":"closed","template":"","meta":{"jetpack_publicize_message":"","jetpack_publicize_feature_enabled":true,"jetpack_social_post_already_shared":true,"jetpack_social_options":{"image_generator_settings":{"template":"highway","default_image_id":0,"font":"","enabled":false},"version":2}},"product_brand":[],"product_cat":[2111],"product_tag":[2079,2094,2074,2073,2076,2078,2075,797,2080,2077,2081],"class_list":{"0":"post-10104","1":"product","2":"type-product","3":"status-publish","4":"has-post-thumbnail","6":"product_cat-kaskadovy-regulator-tech-pre-kotly-do-32-kw","7":"product_tag-2x-cerpadlo-a-tuv","8":"product_tag-2094","9":"product_tag-eu-i-2","10":"product_tag-kaskadovy","11":"product_tag-ot","12":"product_tag-ovladanie-2x-servopohon","13":"product_tag-plus","14":"product_tag-regulator","15":"product_tag-regulator-pre-vykurovacie-systemy","16":"product_tag-tech","17":"product_tag-tech-eu-i-2-plus-ot","19":"first","20":"instock","21":"taxable","22":"shipping-taxable","23":"purchasable","24":"product-type-simple"},"jetpack_publicize_connections":[],"jetpack_sharing_enabled":true,"_links":{"self":[{"href":"https:\/\/revop-eshop.sk\/index.php?rest_route=\/wp\/v2\/product\/10104","targetHints":{"allow":["GET"]}}],"collection":[{"href":"https:\/\/revop-eshop.sk\/index.php?rest_route=\/wp\/v2\/product"}],"about":[{"href":"https:\/\/revop-eshop.sk\/index.php?rest_route=\/wp\/v2\/types\/product"}],"replies":[{"embeddable":true,"href":"https:\/\/revop-eshop.sk\/index.php?rest_route=%2Fwp%2Fv2%2Fcomments&post=10104"}],"wp:featuredmedia":[{"embeddable":true,"href":"https:\/\/revop-eshop.sk\/index.php?rest_route=\/wp\/v2\/media\/10105"}],"wp:attachment":[{"href":"https:\/\/revop-eshop.sk\/index.php?rest_route=%2Fwp%2Fv2%2Fmedia&parent=10104"}],"wp:term":[{"taxonomy":"product_brand","embeddable":true,"href":"https:\/\/revop-eshop.sk\/index.php?rest_route=%2Fwp%2Fv2%2Fproduct_brand&post=10104"},{"taxonomy":"product_cat","embeddable":true,"href":"https:\/\/revop-eshop.sk\/index.php?rest_route=%2Fwp%2Fv2%2Fproduct_cat&post=10104"},{"taxonomy":"product_tag","embeddable":true,"href":"https:\/\/revop-eshop.sk\/index.php?rest_route=%2Fwp%2Fv2%2Fproduct_tag&post=10104"}],"curies":[{"name":"wp","href":"https:\/\/api.w.org\/{rel}","templated":true}]}}