{"id":8992,"date":"2025-07-23T09:40:37","date_gmt":"2025-07-23T07:40:37","guid":{"rendered":"https:\/\/revop-eshop.sk\/?page_id=8992"},"modified":"2025-08-03T22:41:16","modified_gmt":"2025-08-03T20:41:16","slug":"letaky-a-novinky","status":"publish","type":"page","link":"https:\/\/revop-eshop.sk\/?page_id=8992","title":{"rendered":"Preh\u013ead zliav a noviniek"},"content":{"rendered":"\n<p class=\"has-text-align-left\">Sledujte najnov\u0161ie let\u00e1ky, akcie a z\u013eavy na jednom mieste! Pravidelne pre v\u00e1s pripravujeme preh\u013ead t\u00fdch najv\u00fdhodnej\u0161\u00edch pon\u00fak a aktu\u00e1lnych noviniek. Nenechajte si ujs\u0165 \u0161peci\u00e1lne z\u013eavy, sez\u00f3nne v\u00fdpredaje \u010di exkluz\u00edvne kampane.<\/p>\n\n\n\n<h2 class=\"wp-block-heading has-text-align-center\">Z\u013eavov\u00e9 kup\u00f3ny<\/h2>\n\n\n<div class=\"_3d-flip-book  fb3d-fullscreen-mode full-size\" data-id=\"9236\" data-mode=\"fullscreen\" data-title=\"false\" data-template=\"short-white-book-view\" data-lightbox=\"dark-shadow\" data-urlparam=\"fb3d-page\" data-page-n=\"0\" data-pdf=\"\" data-tax=\"null\" data-thumbnail=\"\" data-cols=\"3\" data-book-template=\"default\" data-trigger=\"\"><\/div><script type=\"text\/javascript\">window.FB3D_CLIENT_DATA = window.FB3D_CLIENT_DATA || [];FB3D_CLIENT_DATA.push('eyJwb3N0cyI6eyI5MjM2Ijp7IklEIjo5MjM2LCJ0aXRsZSI6IlpcdTAxM2Vhdm92XHUwMGU5IGt1cFx1MDBmM255IiwidHlwZSI6ImN1c3RvbSIsInJlYWR5X2Z1bmN0aW9uIjoiIiwiYm9va19zdHlsZSI6ImF1dG8iLCJib29rX3RlbXBsYXRlIjoibm9uZSIsIm91dGxpbmUiOltdLCJkYXRhIjp7InBkZl9wYWdlcyI6IjAiLCJwb3N0X0lEIjoiMCIsImd1aWQiOiIiLCJwYWdlc19jdXN0b21pemF0aW9uIjoiYWxsIn0sInRodW1ibmFpbCI6eyJkYXRhIjp7InBvc3RfSUQiOiI5Nzk2In0sInR5cGUiOiJtZWRpYUltYWdlIn0sInByb3BzIjp7ImJhY2tncm91bmRDb2xvciI6ImF1dG8iLCJiYWNrZ3JvdW5kSW1hZ2UiOiJhdXRvIiwiYmFja2dyb3VuZFN0eWxlIjoiYXV0byIsImhpZ2hsaWdodExpbmtzIjoiYXV0byIsImxpZ2h0aW5nIjoiYXV0byIsInNpbmdsZVBhZ2VNb2RlIjoiYXV0byIsImNhY2hlZFBhZ2VzIjoiYXV0byIsInJlbmRlckluYWN0aXZlUGFnZXMiOiJhdXRvIiwicmVuZGVySW5hY3RpdmVQYWdlc09uTW9iaWxlIjoiYXV0byIsInJlbmRlcldoaWxlRmxpcHBpbmciOiJhdXRvIiwicHJlbG9hZFBhZ2VzIjoiYXV0byIsImF1dG9QbGF5RHVyYXRpb24iOiJhdXRvIiwicnRsIjoiYXV0byIsImludGVyYWN0aXZlQ29ybmVycyI6ImF1dG8iLCJtYXhEZXB0aCI6ImF1dG8iLCJzaGVldCI6eyJzdGFydFZlbG9jaXR5IjoiYXV0byIsIndhdmUiOiJhdXRvIiwic2hhcGUiOiJhdXRvIiwid2lkdGhUZXhlbHMiOiJhdXRvIiwiY29sb3IiOiJhdXRvIiwic2lkZSI6ImF1dG8iLCJzdHJldGNoSW1hZ2VzIjoiYXV0byIsImNvcm5lckRldmlhdGlvbiI6ImF1dG8iLCJmbGV4aWJpbGl0eSI6ImF1dG8iLCJmbGV4aWJsZUNvcm5lciI6ImF1dG8iLCJiZW5kaW5nIjoiYXV0byIsImhlaWdodFRleGVscyI6ImF1dG8ifSwiY292ZXIiOnsid2F2ZSI6ImF1dG8iLCJjb2xvciI6ImF1dG8iLCJzaWRlIjoiYXV0byIsInN0cmV0Y2hJbWFnZXMiOiJhdXRvIiwiYmluZGVyVGV4dHVyZSI6ImF1dG8iLCJkZXB0aCI6ImF1dG8iLCJwYWRkaW5nIjoiYXV0byIsInN0YXJ0VmVsb2NpdHkiOiJhdXRvIiwiZmxleGliaWxpdHkiOiJhdXRvIiwiZmxleGlibGVDb3JuZXIiOiJhdXRvIiwiYmVuZGluZyI6ImF1dG8iLCJ3aWR0aFRleGVscyI6ImF1dG8iLCJoZWlnaHRUZXhlbHMiOiJhdXRvIiwibWFzcyI6ImF1dG8iLCJzaGFwZSI6ImF1dG8ifSwicGFnZSI6eyJ3YXZlIjoiYXV0byIsImNvbG9yIjoiYXV0byIsInNpZGUiOiJhdXRvIiwic3RyZXRjaEltYWdlcyI6ImF1dG8iLCJkZXB0aCI6ImF1dG8iLCJzdGFydFZlbG9jaXR5IjoiYXV0byIsImZsZXhpYmlsaXR5IjoiYXV0byIsImZsZXhpYmxlQ29ybmVyIjoiYXV0byIsImJlbmRpbmciOiJhdXRvIiwid2lkdGhUZXhlbHMiOiJhdXRvIiwiaGVpZ2h0VGV4ZWxzIjoiYXV0byIsIm1hc3MiOiJhdXRvIiwic2hhcGUiOiJhdXRvIn0sImhlaWdodCI6ImF1dG8iLCJ3aWR0aCI6ImF1dG8iLCJncmF2aXR5IjoiYXV0byIsInBhZ2VzRm9yUHJlZGljdGluZyI6ImF1dG8ifSwiY29udHJvbFByb3BzIjp7ImFjdGlvbnMiOnsiY21kVG9jIjp7ImVuYWJsZWQiOiJhdXRvIiwiZW5hYmxlZEluTmFycm93IjoiYXV0byIsImFjdGl2ZSI6ImF1dG8iLCJkZWZhdWx0VGFiIjoiYXV0byJ9LCJjbWRBdXRvUGxheSI6eyJlbmFibGVkIjoiYXV0byIsImVuYWJsZWRJbk5hcnJvdyI6ImF1dG8iLCJhY3RpdmUiOiJhdXRvIn0sImNtZFNhdmUiOnsiZW5hYmxlZCI6ImF1dG8iLCJlbmFibGVkSW5OYXJyb3ciOiJhdXRvIn0sImNtZFByaW50Ijp7ImVuYWJsZWQiOiJhdXRvIiwiZW5hYmxlZEluTmFycm93IjoiYXV0byJ9LCJjbWRTaW5nbGVQYWdlIjp7ImVuYWJsZWQiOiJhdXRvIiwiZW5hYmxlZEluTmFycm93IjoiYXV0byIsImFjdGl2ZSI6ImF1dG8iLCJhY3RpdmVGb3JNb2JpbGUiOiJhdXRvIn0sIndpZFRvb2xiYXIiOnsiZW5hYmxlZCI6ImF1dG8iLCJlbmFibGVkSW5OYXJyb3ciOiJhdXRvIn19fSwiYXV0b1RodW1ibmFpbCI6bnVsbCwicG9zdF9uYW1lIjoiemxhdm92ZS1rdXBvbnkiLCJwb3N0X3R5cGUiOiIzZC1mbGlwLWJvb2sifX0sInBhZ2VzIjp7IjkyMzYiOlt7InBhZ2VfSUQiOiIyMSIsInBhZ2VfcG9zdF9JRCI6IjkyMzYiLCJwYWdlX3RpdGxlIjoibGV0XHUwMGUxayBcdTAxMGQuMyBzdHJcdTAwZTFua2EiLCJwYWdlX3NvdXJjZV90eXBlIjoiaW1hZ2UiLCJwYWdlX3NvdXJjZV9kYXRhIjp7InBvc3RfSUQiOiIxMTAxMyIsImd1aWQiOiJodHRwczpcL1wvcmV2b3AtZXNob3Auc2tcL3dwLWNvbnRlbnRcL3VwbG9hZHNcLzIwMjZcLzAzXC9sZXRhay1jLjMtc3RyYW5rYS5wbmcifSwicGFnZV90aHVtYm5haWxfdHlwZSI6ImF1dG8iLCJwYWdlX3RodW1ibmFpbF9kYXRhIjp7InBvc3RfSUQiOiIwIn0sInBhZ2VfbWV0YV9kYXRhIjp7ImNzc19sYXllciI6eyJjc3MiOiIiLCJodG1sIjoiIiwianMiOiIifX0sInBhZ2VfbnVtYmVyIjoiMCJ9XX0sImZpcnN0UGFnZXMiOltdfQ==');window.FB3D_CLIENT_LOCALE && FB3D_CLIENT_LOCALE.render && FB3D_CLIENT_LOCALE.render();<\/script>\n\n\n\n<h2 class=\"wp-block-heading has-text-align-center\">Novinky a akcie<\/h2>\n\n\n<div class=\"_3d-flip-book  fb3d-fullscreen-mode full-size\" data-id=\"8996\" data-mode=\"fullscreen\" data-title=\"false\" data-template=\"short-white-book-view\" data-lightbox=\"dark-shadow\" data-urlparam=\"fb3d-page\" data-page-n=\"0\" data-pdf=\"\" data-tax=\"null\" data-thumbnail=\"\" data-cols=\"3\" data-book-template=\"default\" data-trigger=\"\"><\/div><script type=\"text\/javascript\">window.FB3D_CLIENT_DATA = window.FB3D_CLIENT_DATA || [];FB3D_CLIENT_DATA.push('eyJwb3N0cyI6eyI4OTk2Ijp7IklEIjo4OTk2LCJ0aXRsZSI6IkxldFx1MDBlMWsgIDIwMjUiLCJ0eXBlIjoiY3VzdG9tIiwicmVhZHlfZnVuY3Rpb24iOiIiLCJib29rX3N0eWxlIjoidm9sdW1lLXBhZGRpbmdzLXVucm9sbGluZyIsImJvb2tfdGVtcGxhdGUiOiJub25lIiwib3V0bGluZSI6W3sidGl0bGUiOiIiLCJkc3REYXRhIjoiIiwiaXRlbXMiOltdfV0sImRhdGEiOnsicGRmX3BhZ2VzIjoiMCIsInBvc3RfSUQiOiIwIiwiZ3VpZCI6IiIsInBhZ2VzX2N1c3RvbWl6YXRpb24iOiJhbGwifSwidGh1bWJuYWlsIjp7ImRhdGEiOnsicG9zdF9JRCI6IjExMjQ5In0sInR5cGUiOiJtZWRpYUltYWdlIn0sInByb3BzIjp7ImJhY2tncm91bmRDb2xvciI6ImF1dG8iLCJiYWNrZ3JvdW5kSW1hZ2UiOiJhdXRvIiwiYmFja2dyb3VuZFN0eWxlIjoiYXV0byIsImhpZ2hsaWdodExpbmtzIjoiYXV0byIsImxpZ2h0aW5nIjoiYXV0byIsInNpbmdsZVBhZ2VNb2RlIjoiYXV0byIsImNhY2hlZFBhZ2VzIjoiYXV0byIsInJlbmRlckluYWN0aXZlUGFnZXMiOiJhdXRvIiwicmVuZGVySW5hY3RpdmVQYWdlc09uTW9iaWxlIjoiYXV0byIsInJlbmRlcldoaWxlRmxpcHBpbmciOiJhdXRvIiwicHJlbG9hZFBhZ2VzIjoiYXV0byIsImF1dG9QbGF5RHVyYXRpb24iOiJhdXRvIiwicnRsIjoiYXV0byIsImludGVyYWN0aXZlQ29ybmVycyI6ImF1dG8iLCJtYXhEZXB0aCI6ImF1dG8iLCJzaGVldCI6eyJzdGFydFZlbG9jaXR5IjoiYXV0byIsIndhdmUiOiJhdXRvIiwic2hhcGUiOiJhdXRvIiwid2lkdGhUZXhlbHMiOiJhdXRvIiwiY29sb3IiOiJhdXRvIiwic2lkZSI6ImF1dG8iLCJzdHJldGNoSW1hZ2VzIjoiYXV0byIsImNvcm5lckRldmlhdGlvbiI6ImF1dG8iLCJmbGV4aWJpbGl0eSI6ImF1dG8iLCJmbGV4aWJsZUNvcm5lciI6ImF1dG8iLCJiZW5kaW5nIjoiYXV0byIsImhlaWdodFRleGVscyI6ImF1dG8ifSwiY292ZXIiOnsid2F2ZSI6ImF1dG8iLCJjb2xvciI6ImF1dG8iLCJzaWRlIjoiYXV0byIsInN0cmV0Y2hJbWFnZXMiOiJhdXRvIiwiYmluZGVyVGV4dHVyZSI6ImF1dG8iLCJkZXB0aCI6ImF1dG8iLCJwYWRkaW5nIjoiYXV0byIsInN0YXJ0VmVsb2NpdHkiOiJhdXRvIiwiZmxleGliaWxpdHkiOiJhdXRvIiwiZmxleGlibGVDb3JuZXIiOiJhdXRvIiwiYmVuZGluZyI6ImF1dG8iLCJ3aWR0aFRleGVscyI6ImF1dG8iLCJoZWlnaHRUZXhlbHMiOiJhdXRvIiwibWFzcyI6ImF1dG8iLCJzaGFwZSI6ImF1dG8ifSwicGFnZSI6eyJ3YXZlIjoiYXV0byIsImNvbG9yIjoiYXV0byIsInNpZGUiOiJhdXRvIiwic3RyZXRjaEltYWdlcyI6ImF1dG8iLCJkZXB0aCI6ImF1dG8iLCJzdGFydFZlbG9jaXR5IjoiYXV0byIsImZsZXhpYmlsaXR5IjoiYXV0byIsImZsZXhpYmxlQ29ybmVyIjoiYXV0byIsImJlbmRpbmciOiJhdXRvIiwid2lkdGhUZXhlbHMiOiJhdXRvIiwiaGVpZ2h0VGV4ZWxzIjoiYXV0byIsIm1hc3MiOiJhdXRvIiwic2hhcGUiOiJhdXRvIn0sImhlaWdodCI6ImF1dG8iLCJ3aWR0aCI6ImF1dG8iLCJncmF2aXR5IjoiYXV0byIsInBhZ2VzRm9yUHJlZGljdGluZyI6ImF1dG8ifSwiY29udHJvbFByb3BzIjp7ImFjdGlvbnMiOnsiY21kVG9jIjp7ImVuYWJsZWQiOiJhdXRvIiwiZW5hYmxlZEluTmFycm93IjoiYXV0byIsImFjdGl2ZSI6ImF1dG8iLCJkZWZhdWx0VGFiIjoiYXV0byJ9LCJjbWRBdXRvUGxheSI6eyJlbmFibGVkIjoiYXV0byIsImVuYWJsZWRJbk5hcnJvdyI6ImF1dG8iLCJhY3RpdmUiOiJhdXRvIn0sImNtZFNhdmUiOnsiZW5hYmxlZCI6ImF1dG8iLCJlbmFibGVkSW5OYXJyb3ciOiJhdXRvIn0sImNtZFByaW50Ijp7ImVuYWJsZWQiOiJhdXRvIiwiZW5hYmxlZEluTmFycm93IjoiYXV0byJ9LCJjbWRTaW5nbGVQYWdlIjp7ImVuYWJsZWQiOiJhdXRvIiwiZW5hYmxlZEluTmFycm93IjoiYXV0byIsImFjdGl2ZSI6ImF1dG8iLCJhY3RpdmVGb3JNb2JpbGUiOiJhdXRvIn0sIndpZFRvb2xiYXIiOnsiZW5hYmxlZCI6ImF1dG8iLCJlbmFibGVkSW5OYXJyb3ciOiJhdXRvIn19fSwiYXV0b1RodW1ibmFpbCI6bnVsbCwicG9zdF9uYW1lIjoibGV0YWstanVsLTIwMjUiLCJwb3N0X3R5cGUiOiIzZC1mbGlwLWJvb2sifX0sInBhZ2VzIjp7Ijg5OTYiOlt7InBhZ2VfSUQiOiIyMiIsInBhZ2VfcG9zdF9JRCI6Ijg5OTYiLCJwYWdlX3RpdGxlIjoia29uZVx1MDEwZG5cdTAwZTkgcmFkaWF0b3J5IGEgcG9kbGFoeSIsInBhZ2Vfc291cmNlX3R5cGUiOiJpbWFnZSIsInBhZ2Vfc291cmNlX2RhdGEiOnsicG9zdF9JRCI6IjExMjQ5IiwiZ3VpZCI6Imh0dHBzOlwvXC9yZXZvcC1lc2hvcC5za1wvd3AtY29udGVudFwvdXBsb2Fkc1wvMjAyNVwvMDdcL2tvbmVjbmUtcmFkaWF0b3J5LWEtcG9kbGFoeS5wbmcifSwicGFnZV90aHVtYm5haWxfdHlwZSI6ImF1dG8iLCJwYWdlX3RodW1ibmFpbF9kYXRhIjp7InBvc3RfSUQiOiIwIn0sInBhZ2VfbWV0YV9kYXRhIjp7ImNzc19sYXllciI6eyJjc3MiOiIiLCJodG1sIjoiIiwianMiOiIifX0sInBhZ2VfbnVtYmVyIjoiMCJ9LHsicGFnZV9JRCI6IjIzIiwicGFnZV9wb3N0X0lEIjoiODk5NiIsInBhZ2VfdGl0bGUiOiJ6YXMgc3Vuc29mdCBwbGFnIiwicGFnZV9zb3VyY2VfdHlwZSI6ImltYWdlIiwicGFnZV9zb3VyY2VfZGF0YSI6eyJwb3N0X0lEIjoiMTEyNTMiLCJndWlkIjoiaHR0cHM6XC9cL3Jldm9wLWVzaG9wLnNrXC93cC1jb250ZW50XC91cGxvYWRzXC8yMDI1XC8wN1wvemFzLXN1bnNvZnQtcGxhZy5wbmcifSwicGFnZV90aHVtYm5haWxfdHlwZSI6ImF1dG8iLCJwYWdlX3RodW1ibmFpbF9kYXRhIjp7InBvc3RfSUQiOiIwIn0sInBhZ2VfbWV0YV9kYXRhIjp7ImNzc19sYXllciI6eyJjc3MiOiIiLCJodG1sIjoiIiwianMiOiIifX0sInBhZ2VfbnVtYmVyIjoiMSJ9LHsicGFnZV9JRCI6IjI0IiwicGFnZV9wb3N0X0lEIjoiODk5NiIsInBhZ2VfdGl0bGUiOiJtYWcgZmlsdGVyIHBhbGciLCJwYWdlX3NvdXJjZV90eXBlIjoiaW1hZ2UiLCJwYWdlX3NvdXJjZV9kYXRhIjp7InBvc3RfSUQiOiIxMTI1NSIsImd1aWQiOiJodHRwczpcL1wvcmV2b3AtZXNob3Auc2tcL3dwLWNvbnRlbnRcL3VwbG9hZHNcLzIwMjVcLzA3XC9tYWctZmlsdGVyLXBhbGcuanBnIn0sInBhZ2VfdGh1bWJuYWlsX3R5cGUiOiJhdXRvIiwicGFnZV90aHVtYm5haWxfZGF0YSI6eyJwb3N0X0lEIjoiMCJ9LCJwYWdlX21ldGFfZGF0YSI6eyJjc3NfbGF5ZXIiOnsiY3NzIjoiIiwiaHRtbCI6IiIsImpzIjoiIn19LCJwYWdlX251bWJlciI6IjIifSx7InBhZ2VfSUQiOiIyNSIsInBhZ2VfcG9zdF9JRCI6Ijg5OTYiLCJwYWdlX3RpdGxlIjoicG9kbGFoYSBwbGFnIHN5cyIsInBhZ2Vfc291cmNlX3R5cGUiOiJpbWFnZSIsInBhZ2Vfc291cmNlX2RhdGEiOnsicG9zdF9JRCI6IjExMjU2IiwiZ3VpZCI6Imh0dHBzOlwvXC9yZXZvcC1lc2hvcC5za1wvd3AtY29udGVudFwvdXBsb2Fkc1wvMjAyNVwvMDdcL3BvZGxhaGEtcGxhZy1zeXMuanBnIn0sInBhZ2VfdGh1bWJuYWlsX3R5cGUiOiJhdXRvIiwicGFnZV90aHVtYm5haWxfZGF0YSI6eyJwb3N0X0lEIjoiMCJ9LCJwYWdlX21ldGFfZGF0YSI6eyJjc3NfbGF5ZXIiOnsiY3NzIjoiIiwiaHRtbCI6IiIsImpzIjoiIn19LCJwYWdlX251bWJlciI6IjMifSx7InBhZ2VfSUQiOiIyNiIsInBhZ2VfcG9zdF9JRCI6Ijg5OTYiLCJwYWdlX3RpdGxlIjoib2R2b2Qga29uZGVueiBwbGFnIiwicGFnZV9zb3VyY2VfdHlwZSI6ImltYWdlIiwicGFnZV9zb3VyY2VfZGF0YSI6eyJwb3N0X0lEIjoiMTEyNTciLCJndWlkIjoiaHR0cHM6XC9cL3Jldm9wLWVzaG9wLnNrXC93cC1jb250ZW50XC91cGxvYWRzXC8yMDI1XC8wN1wvb2R2b2Qta29uZGVuei1wbGFnLmpwZyJ9LCJwYWdlX3RodW1ibmFpbF90eXBlIjoiYXV0byIsInBhZ2VfdGh1bWJuYWlsX2RhdGEiOnsicG9zdF9JRCI6IjAifSwicGFnZV9tZXRhX2RhdGEiOnsiY3NzX2xheWVyIjp7ImNzcyI6IiIsImh0bWwiOiIiLCJqcyI6IiJ9fSwicGFnZV9udW1iZXIiOiI0In1dfSwiZmlyc3RQYWdlcyI6W119');window.FB3D_CLIENT_LOCALE && FB3D_CLIENT_LOCALE.render && FB3D_CLIENT_LOCALE.render();<\/script>\n\n\n\n<p>\u27a1\ufe0f Pre pln\u00fa obrazovku kliknite na ikonku v pravom dolnom rohu.          <\/p>\n\n\n\n<p>\ud83d\udce9 M\u00e1te ot\u00e1zku k aktu\u00e1lnej ponuke?                                                                                                               <br>Kontaktujte n\u00e1s: <a href=\"mailto:info@revopsro.sk\" target=\"_blank\" rel=\"noreferrer noopener\">info@revopsro.sk<\/a><\/p>\n\n\n\n<p><\/p>\n","protected":false},"excerpt":{"rendered":"<p>Sledujte najnov\u0161ie let\u00e1ky, akcie a z\u013eavy na jednom mieste! Pravidelne pre v\u00e1s pripravujeme preh\u013ead t\u00fdch najv\u00fdhodnej\u0161\u00edch pon\u00fak a aktu\u00e1lnych noviniek. Nenechajte si ujs\u0165 \u0161peci\u00e1lne z\u013eavy, sez\u00f3nne v\u00fdpredaje \u010di exkluz\u00edvne kampane. Z\u013eavov\u00e9 kup\u00f3ny Novinky a akcie \u27a1\ufe0f Pre pln\u00fa obrazovku kliknite na ikonku v pravom dolnom rohu. \ud83d\udce9 M\u00e1te ot\u00e1zku k aktu\u00e1lnej ponuke? Kontaktujte n\u00e1s: info@revopsro.sk<\/p>\n","protected":false},"author":1,"featured_media":0,"parent":0,"menu_order":0,"comment_status":"closed","ping_status":"closed","template":"","meta":{"footnotes":""},"class_list":["post-8992","page","type-page","status-publish","hentry"],"jetpack_sharing_enabled":true,"_links":{"self":[{"href":"https:\/\/revop-eshop.sk\/index.php?rest_route=\/wp\/v2\/pages\/8992","targetHints":{"allow":["GET"]}}],"collection":[{"href":"https:\/\/revop-eshop.sk\/index.php?rest_route=\/wp\/v2\/pages"}],"about":[{"href":"https:\/\/revop-eshop.sk\/index.php?rest_route=\/wp\/v2\/types\/page"}],"author":[{"embeddable":true,"href":"https:\/\/revop-eshop.sk\/index.php?rest_route=\/wp\/v2\/users\/1"}],"replies":[{"embeddable":true,"href":"https:\/\/revop-eshop.sk\/index.php?rest_route=%2Fwp%2Fv2%2Fcomments&post=8992"}],"version-history":[{"count":29,"href":"https:\/\/revop-eshop.sk\/index.php?rest_route=\/wp\/v2\/pages\/8992\/revisions"}],"predecessor-version":[{"id":9265,"href":"https:\/\/revop-eshop.sk\/index.php?rest_route=\/wp\/v2\/pages\/8992\/revisions\/9265"}],"wp:attachment":[{"href":"https:\/\/revop-eshop.sk\/index.php?rest_route=%2Fwp%2Fv2%2Fmedia&parent=8992"}],"curies":[{"name":"wp","href":"https:\/\/api.w.org\/{rel}","templated":true}]}}