{"id":11125,"date":"2026-03-19T10:44:09","date_gmt":"2026-03-19T09:44:09","guid":{"rendered":"https:\/\/revop-eshop.sk\/?page_id=11125"},"modified":"2026-04-15T14:41:09","modified_gmt":"2026-04-15T12:41:09","slug":"cennik","status":"publish","type":"page","link":"https:\/\/revop-eshop.sk\/?page_id=11125","title":{"rendered":"CENN\u00cdK"},"content":{"rendered":"\t\t<div data-elementor-type=\"wp-page\" data-elementor-id=\"11125\" class=\"elementor elementor-11125\">\n\t\t\t\t<div class=\"elementor-element elementor-element-1968975 e-flex e-con-boxed e-con e-parent\" data-id=\"1968975\" data-element_type=\"container\" data-e-type=\"container\">\n\t\t\t\t\t<div class=\"e-con-inner\">\n\t\t\t\t<div class=\"elementor-element elementor-element-13ddaab elementor-widget__width-inherit elementor-widget elementor-widget-image\" data-id=\"13ddaab\" data-element_type=\"widget\" data-e-type=\"widget\" data-widget_type=\"image.default\">\n\t\t\t\t<div class=\"elementor-widget-container\">\n\t\t\t\t\t\t\t\t\t\t\t\t\t\t\t<img decoding=\"async\" width=\"300\" height=\"88\" src=\"https:\/\/revop-eshop.sk\/wp-content\/uploads\/2026\/03\/Bez-nazvu-300x88.png\" class=\"attachment-medium size-medium wp-image-11129\" alt=\"\" srcset=\"https:\/\/revop-eshop.sk\/wp-content\/uploads\/2026\/03\/Bez-nazvu-300x88.png 300w, https:\/\/revop-eshop.sk\/wp-content\/uploads\/2026\/03\/Bez-nazvu-18x5.png 18w, https:\/\/revop-eshop.sk\/wp-content\/uploads\/2026\/03\/Bez-nazvu-200x58.png 200w, https:\/\/revop-eshop.sk\/wp-content\/uploads\/2026\/03\/Bez-nazvu-441x129.png 441w, https:\/\/revop-eshop.sk\/wp-content\/uploads\/2026\/03\/Bez-nazvu-150x44.png 150w, https:\/\/revop-eshop.sk\/wp-content\/uploads\/2026\/03\/Bez-nazvu.png 554w\" sizes=\"(max-width: 360px) 147px, (max-width: 300px) 100vw, 300px\" \/>\t\t\t\t\t\t\t\t\t\t\t\t\t\t\t<\/div>\n\t\t\t\t<\/div>\n\t\t\t\t\t<\/div>\n\t\t\t\t<\/div>\n\t\t<div class=\"elementor-element elementor-element-7b36b2eb e-con-full e-flex e-con e-parent\" data-id=\"7b36b2eb\" data-element_type=\"container\" data-e-type=\"container\">\n\t\t\t\t<div class=\"elementor-element elementor-element-2a36d270 elementor-widget__width-inherit elementor-widget elementor-widget-text-editor\" data-id=\"2a36d270\" data-element_type=\"widget\" data-e-type=\"widget\" data-widget_type=\"text-editor.default\">\n\t\t\t\t<div class=\"elementor-widget-container\">\n\t\t\t\t\t\t\t\t\t<h3><\/h3>\n<h4 style=\"text-align: center;\"><span style=\"color: #000000;\"><strong>Ak ste v na\u0161ej aktu\u00e1lnej ponuke nena\u0161li produkt, ktor\u00fd h\u013ead\u00e1te, nez\u00fafajte \u2013 radi v\u00e1m pom\u00f4\u017eeme.<\/strong><\/span><\/h4>\n<h4><span style=\"color: #000000;\"><strong><\/strong><\/span><\/h4>\n<h4 style=\"text-align: center;\"><span style=\"color: #000000;\"><strong>Prezrite si kompletn\u00fd cenn\u00edk produktov zna\u010dky Viessmann, kde n\u00e1jdete \u0161irok\u00fd v\u00fdber rie\u0161en\u00ed pre va\u0161e potreby. Na na\u0161ej str\u00e1nke nie je zobrazen\u00fd cel\u00fd sortiment, ke\u010f\u017ee ponuka je ve\u013emi rozsiahla.<\/strong><\/span><\/h4>\n<h4><span style=\"color: #000000;\"><strong><\/strong><\/span><\/h4>\n<h4 style=\"text-align: center;\"><span style=\"color: #000000;\"><strong>\ud83d\udc49 Ak si vyberiete konkr\u00e9tny produkt alebo potrebujete poradi\u0165 s v\u00fdberom, nev\u00e1hajte n\u00e1s kontaktova\u0165. Radi v\u00e1m poskytneme aktu\u00e1lne inform\u00e1cie o cene, dostupnosti a odporu\u010d\u00edme najvhodnej\u0161ie rie\u0161enie.<\/strong><\/span><\/h4>\n<h4><span style=\"color: #000000;\"><strong><\/strong><\/span><\/h4>\n<h4 style=\"text-align: center;\">\u00a0<\/h4>\n<h4><\/h4>\t\t\t\t\t\t\t\t<\/div>\n\t\t\t\t<\/div>\n\t\t\t\t<\/div>\n\t\t<div class=\"elementor-element elementor-element-057f504 e-flex e-con-boxed e-con e-parent\" data-id=\"057f504\" data-element_type=\"container\" data-e-type=\"container\">\n\t\t\t\t\t<div class=\"e-con-inner\">\n\t\t\t\t<div class=\"elementor-element elementor-element-c88a757 elementor-widget__width-inherit elementor-widget elementor-widget-html\" data-id=\"c88a757\" data-element_type=\"widget\" data-e-type=\"widget\" data-widget_type=\"html.default\">\n\t\t\t\t<div class=\"elementor-widget-container\">\n\t\t\t\t\t<iframe src=\"https:\/\/revop-eshop.sk\/wp-content\/uploads\/2026\/04\/Cennik_04_2026.pdf\" width=\"100%\" height=\"1200px\"><\/iframe>\t\t\t\t<\/div>\n\t\t\t\t<\/div>\n\t\t\t\t\t<\/div>\n\t\t\t\t<\/div>\n\t\t\t\t<\/div>\n\t\t","protected":false},"excerpt":{"rendered":"<p>Ak ste v na\u0161ej aktu\u00e1lnej ponuke nena\u0161li produkt, ktor\u00fd h\u013ead\u00e1te, nez\u00fafajte \u2013 radi v\u00e1m pom\u00f4\u017eeme. Prezrite si kompletn\u00fd cenn\u00edk produktov zna\u010dky Viessmann, kde n\u00e1jdete \u0161irok\u00fd v\u00fdber rie\u0161en\u00ed pre va\u0161e potreby. Na na\u0161ej str\u00e1nke nie je zobrazen\u00fd cel\u00fd sortiment, ke\u010f\u017ee ponuka je ve\u013emi rozsiahla. \ud83d\udc49 Ak si vyberiete konkr\u00e9tny produkt alebo potrebujete poradi\u0165 s v\u00fdberom, nev\u00e1hajte [&hellip;]<\/p>\n","protected":false},"author":1,"featured_media":0,"parent":0,"menu_order":0,"comment_status":"closed","ping_status":"closed","template":"","meta":{"footnotes":""},"class_list":["post-11125","page","type-page","status-publish","hentry"],"jetpack_sharing_enabled":true,"_links":{"self":[{"href":"https:\/\/revop-eshop.sk\/index.php?rest_route=\/wp\/v2\/pages\/11125","targetHints":{"allow":["GET"]}}],"collection":[{"href":"https:\/\/revop-eshop.sk\/index.php?rest_route=\/wp\/v2\/pages"}],"about":[{"href":"https:\/\/revop-eshop.sk\/index.php?rest_route=\/wp\/v2\/types\/page"}],"author":[{"embeddable":true,"href":"https:\/\/revop-eshop.sk\/index.php?rest_route=\/wp\/v2\/users\/1"}],"replies":[{"embeddable":true,"href":"https:\/\/revop-eshop.sk\/index.php?rest_route=%2Fwp%2Fv2%2Fcomments&post=11125"}],"version-history":[{"count":30,"href":"https:\/\/revop-eshop.sk\/index.php?rest_route=\/wp\/v2\/pages\/11125\/revisions"}],"predecessor-version":[{"id":11232,"href":"https:\/\/revop-eshop.sk\/index.php?rest_route=\/wp\/v2\/pages\/11125\/revisions\/11232"}],"wp:attachment":[{"href":"https:\/\/revop-eshop.sk\/index.php?rest_route=%2Fwp%2Fv2%2Fmedia&parent=11125"}],"curies":[{"name":"wp","href":"https:\/\/api.w.org\/{rel}","templated":true}]}}